{"id":6833,"date":"2022-06-06T11:32:39","date_gmt":"2022-06-06T14:32:39","guid":{"rendered":"https:\/\/ismsancarlos.cl\/site\/?page_id=6833"},"modified":"2025-05-12T18:15:25","modified_gmt":"2025-05-12T21:15:25","slug":"biblioteca","status":"publish","type":"page","link":"https:\/\/ismsancarlos.cl\/site2\/biblioteca\/","title":{"rendered":"Biblioteca"},"content":{"rendered":"<p>[vc_row][vc_column][vc_single_image image=\u00bb13918&#8243; img_size=\u00bbfull\u00bb][stm_title title=\u00bbCentro de Lectura y Biblioteca Escolar (CRA)\u00bb][\/stm_title][vc_column_text]La Biblioteca Escolar CRA tiene como objetivo principal apoyar el proceso Ense\u00f1anza y Aprendizaje (Fomento a la Lectura, Apoyo Curricular y Educaci\u00f3n de Usuarios).<\/p>\n<p>Para ello ofrece a la Comunidad Escolar un conjunto de recursos y servicios.<\/p>\n<p>PRINCIPALES SERVICIOS DE LA BIBLIOTECA ESCOLAR<br \/>\nAtenci\u00f3n en Sala, Servicio de Aula, Pr\u00e9stamo a Domicilio, Servicio de Consulta, Computadores con Internet, Wi Fi Red Alumnos.<br \/>\nOrganizaci\u00f3n de Actividades: D\u00eda del Libro, Visita Sal\u00f3n Arturo Prat, Pueblos Originarios, Juegos Tradicionales de Chile, Diarios Murales seg\u00fan Efem\u00e9rides, Apoyo de trabajos de Investigaci\u00f3n, Exposici\u00f3n de Libros, Reuniones.<\/p>\n<p>Nuestra Biblioteca est\u00e1 Certificada por el Ministerio de Educaci\u00f3n desde el a\u00f1o 2016, dado que cumple con los Est\u00e1ndares establecidos para funcionar como CRA.<br \/>\nCuenta con un Equipo de Trabajo Certificado por el Mineduc.<\/p>\n<p>Tambi\u00e9n est\u00e1 Automatizada con el Programa Abies 2.0, Base de Datos con todo el material existente en Biblioteca para los Procesos T\u00e9cnicos del material bibliogr\u00e1fico.<\/p>\n<p>\u201cCada d\u00eda leer\u00e9 algo de un libro de piedad\u201d (Mary Ward)[\/vc_column_text][stm_title title_tag=\u00bbh4&#8243; title=\u00bbHORARIO DE ATENCI\u00d3N\u00bb][\/stm_title][vc_column_text]El Centro de Lectura y Biblioteca Escolar (CRA) se encuentra abierto en horario continuado, proveyendo un espacio seguro y c\u00f3modo para quien busca trabajar, estudiar, reunirse con un grupo de compa\u00f1eros\/ colegas o recrearse.<\/p>\n<p>Lunes a viernes de 07:45 a 19:00 hrs.<br \/>\nViernes de 07:45 a 16:30 hrs.[\/vc_column_text][\/vc_column][\/vc_row][vc_row][vc_column][stm_title title=\u00bbEspacio F\u00edsico\u00bb][\/stm_title][\/vc_column][\/vc_row][vc_row][vc_column][vc_column_text]En aproximadamente 200 metros cuadrados, nuestro Centro de Lectura y Biblioteca Escolar (CRA) cuenta con una variedad de zonas acondicionadas para la realizaci\u00f3n de distintos quehaceres por parte de la comunidad educativa, convirti\u00e9ndose en un verdadero punto de encuentro durante la jornada escolar, en los recreos y despu\u00e9s de clases.[\/vc_column_text][\/vc_column][\/vc_row][vc_row disable_element=\u00bbyes\u00bb][vc_column width=\u00bb1\/3&#8243;][vc_single_image image=\u00bb7116&#8243; img_size=\u00bbfull\u00bb][stm_title title_tag=\u00bbh4&#8243; title=\u00bbZonificaci\u00f3n\u00bb][\/stm_title][vc_column_text]Dentro de las partes que conforman este colorido espacio se pueden mencionar el hall de acceso, el sitio de trabajo, el \u00e1rea com\u00fan, las salas de estudio grupal\/ salas de reuniones, la estaci\u00f3n de computadores, las estanter\u00edas, entre otros.[\/vc_column_text][\/vc_column][vc_column width=\u00bb1\/3&#8243;][vc_single_image image=\u00bb7118&#8243; img_size=\u00bbfull\u00bb][stm_title title_tag=\u00bbh4&#8243; title=\u00bbColecci\u00f3n Bibliogr\u00e1fica\u00bb][\/stm_title][vc_column_text]La colecci\u00f3n bibliogr\u00e1fica est\u00e1 compuesta por libros, enciclopedias, revistas, etc., que buscan satisfacer las necesidades acad\u00e9micas y recreativas de la comunidad educativa. Por otro lado, hay algunos textos antiguos legados por las Hermanas de la Congregaci\u00f3n de Jes\u00fas.[\/vc_column_text][\/vc_column][vc_column width=\u00bb1\/3&#8243;][vc_single_image image=\u00bb7117&#8243; img_size=\u00bbfull\u00bb][stm_title title_tag=\u00bbh4&#8243; title=\u00bbLudoteca\u00bb][\/stm_title][vc_column_text]Conscientes de la relevancia del sano esparcimiento, la socializaci\u00f3n y el buen uso del tiempo libre, existe disponibilidad de juegos de mesa (monopoly, ajedrez, cubo Rubik, etc.), los cuales deben ser solicitados con anticipaci\u00f3n por los estudiantes.[\/vc_column_text][\/vc_column][\/vc_row][vc_row][vc_column][stm_title title=\u00bbESPACIO VIRTUAL\u00bb][\/stm_title][vc_column_text]Gracias al avance de las tecnolog\u00edas de la informaci\u00f3n y la comunicaci\u00f3n, es posible acceder a una gran cantidad de recursos en l\u00ednea. Las bibliotecas digitales representan una oportunidad inestimable para todos los miembros de la comunidad educativa, en cuanto favorecen la lectura escolar, anal\u00edtica y por placer (en quienes disfrutan este formato).<\/p>\n<p>[\/vc_column_text][\/vc_column][\/vc_row][vc_row][vc_column width=\u00bb1\/3&#8243;][vc_single_image image=\u00bb6843&#8243; img_size=\u00bbfull\u00bb][stm_title title_tag=\u00bbh4&#8243; title=\u00bbBiblioteca Digital Escolar (BD Escolar)\u00bb][\/stm_title][vc_column_text]Los estudiantes, docentes, directivos, coordinadora y encargada de biblioteca tienen acceso garantizado a la BD Escolar, repositorio digital que cuenta con m\u00e1s de 6.000 ejemplares de lectura escolar y recreativa.<\/p>\n<p><a href=\"https:\/\/bdescolar.mineduc.cl\/?locale=es\" target=\"_blank\" rel=\"noopener\">VISITAR BD ESCOLAR<\/a>[\/vc_column_text][stm_btn_simple btn_link_text=\u00bbAbrir\u00bb][\/vc_column][vc_column width=\u00bb1\/3&#8243;][vc_single_image image=\u00bb6845&#8243; img_size=\u00bbfull\u00bb][stm_title title_tag=\u00bbh4&#8243; title=\u00bbBiblioteca P\u00fablica Digital (BP Digital)\u00bb][\/stm_title][vc_column_text]Todos los habitantes de nuestro pa\u00eds (as\u00ed como los chilenos y chilenas residentes en el extranjero) tienen acceso gratuito a este repositorio digital, el cual cuenta con m\u00e1s de 70.000 t\u00edtulos de diversa \u00edndole.<\/p>\n<p><a href=\"https:\/\/www.bpdigital.cl\/?locale=es\" target=\"_blank\" rel=\"noopener\">VISITAR BP DIGITAL<\/a>[\/vc_column_text][\/vc_column][vc_column width=\u00bb1\/3&#8243;][vc_single_image image=\u00bb6846&#8243; img_size=\u00bbfull\u00bb][stm_title title_tag=\u00bbh4&#8243; title=\u00bbBiblioteca Digital Mundial (BDM)\u00bb][\/stm_title][vc_column_text]Repositorio digital multiling\u00fce y gratuito creado por la UNESCO y la Biblioteca del Congreso de los Estados Unidos, el que incluye millones de materiales (fotograf\u00edas, mapas, libros, etc.) provenientes de culturas de todo el mundo.<\/p>\n<p><a href=\"https:\/\/www.loc.gov\/collections\/world-digital-library\/about-this-collection\/\" target=\"_blank\" rel=\"noopener\">VISITAR BD MUNDIAL<\/a>[\/vc_column_text][\/vc_column][\/vc_row][vc_row][vc_column][stm_btn_big btn_link_text=\u00bbVisitar\u00bb][vc_empty_space][stm_title title=\u00bbMEDIADORAS DE LA LECTURA\u00bb][\/stm_title][\/vc_column][\/vc_row][vc_row][vc_column width=\u00bb1\/3&#8243;][vc_single_image image=\u00bb15409&#8243; img_size=\u00bb510&#215;310&#8243; alignment=\u00bbcenter\u00bb][stm_title title_tag=\u00bbh4&#8243; title=\u00bbMAR\u00cdA IN\u00c9S BAST\u00cdAS HERN\u00c1NDEZ\u00bb][\/stm_title][vc_column_text]Encargada y Coordinadora Biblioteca Ciclo Medio[\/vc_column_text][stm_administrator_contact_details administrator_email=\u00bbmaria.ines.fe\u00a9ismsancarlos.cl\u00bb][\/vc_column][vc_column width=\u00bb1\/3&#8243;][vc_single_image image=\u00bb15407&#8243; img_size=\u00bb510&#215;310&#8243; alignment=\u00bbcenter\u00bb][stm_title title_tag=\u00bbh4&#8243; title=\u00bbCLAUDIA M\u00c9NDEZ AGUAYO\u00bb][\/stm_title][vc_column_text]Encargada Biblioteca Ciclo B\u00e1sico[\/vc_column_text][stm_administrator_contact_details administrator_email=\u00bbclaudia.mendez.ag\u00a9ismsancarlos.cl\u00bb][\/vc_column][\/vc_row]<\/p>\n","protected":false},"excerpt":{"rendered":"<p>[vc_row][vc_column][vc_single_image image=\u00bb13918&#8243; img_size=\u00bbfull\u00bb][stm_title title=\u00bbCentro de Lectura y Biblioteca Escolar (CRA)\u00bb][\/stm_title][vc_column_text]La Biblioteca Escolar CRA tiene como objetivo principal apoyar el proceso Ense\u00f1anza y Aprendizaje (Fomento a la Lectura, Apoyo Curricular y Educaci\u00f3n de Usuarios). Para ello ofrece a la Comunidad Escolar un conjunto de recursos y servicios. PRINCIPALES SERVICIOS DE LA BIBLIOTECA ESCOLAR Atenci\u00f3n en Sala, [&hellip;]<\/p>\n","protected":false},"author":1,"featured_media":0,"parent":0,"menu_order":0,"comment_status":"closed","ping_status":"closed","template":"","meta":{"_price":"","_stock":"","_tribe_ticket_header":"","_tribe_default_ticket_provider":"","_tribe_ticket_capacity":"0","_ticket_start_date":"","_ticket_end_date":"","_tribe_ticket_show_description":"","_tribe_ticket_show_not_going":false,"_tribe_ticket_use_global_stock":"","_tribe_ticket_global_stock_level":"","_global_stock_mode":"","_global_stock_cap":"","_tribe_rsvp_for_event":"","_tribe_ticket_going_count":"","_tribe_ticket_not_going_count":"","_tribe_tickets_list":"[]","_tribe_ticket_has_attendee_info_fields":false,"footnotes":"","_tec_slr_enabled":"","_tec_slr_layout":""},"class_list":["post-6833","page","type-page","status-publish","hentry"],"yoast_head":"<!-- This site is optimized with the Yoast SEO plugin v25.6 - https:\/\/yoast.com\/wordpress\/plugins\/seo\/ -->\n<title>Biblioteca | Instituto Santa Mar\u00eda - San Carlos<\/title>\n<meta name=\"robots\" content=\"index, follow, max-snippet:-1, max-image-preview:large, max-video-preview:-1\" \/>\n<link rel=\"canonical\" href=\"https:\/\/ismsancarlos.cl\/site2\/biblioteca\/\" \/>\n<meta property=\"og:locale\" content=\"es_ES\" \/>\n<meta property=\"og:type\" content=\"article\" \/>\n<meta property=\"og:title\" content=\"Biblioteca | Instituto Santa Mar\u00eda - San Carlos\" \/>\n<meta property=\"og:description\" content=\"[vc_row][vc_column][vc_single_image image=\u00bb13918&#8243; img_size=\u00bbfull\u00bb][stm_title title=\u00bbCentro de Lectura y Biblioteca Escolar (CRA)\u00bb][\/stm_title][vc_column_text]La Biblioteca Escolar CRA tiene como objetivo principal apoyar el proceso Ense\u00f1anza y Aprendizaje (Fomento a la Lectura, Apoyo Curricular y Educaci\u00f3n de Usuarios). Para ello ofrece a la Comunidad Escolar un conjunto de recursos y servicios. PRINCIPALES SERVICIOS DE LA BIBLIOTECA ESCOLAR Atenci\u00f3n en Sala, [&hellip;]\" \/>\n<meta property=\"og:url\" content=\"https:\/\/ismsancarlos.cl\/site2\/biblioteca\/\" \/>\n<meta property=\"og:site_name\" content=\"Instituto Santa Mar\u00eda - San Carlos\" \/>\n<meta property=\"article:publisher\" content=\"https:\/\/www.facebook.com\/insamach\" \/>\n<meta property=\"article:modified_time\" content=\"2025-05-12T21:15:25+00:00\" \/>\n<meta name=\"twitter:card\" content=\"summary_large_image\" \/>\n<meta name=\"twitter:label1\" content=\"Tiempo de lectura\" \/>\n\t<meta name=\"twitter:data1\" content=\"3 minutos\" \/>\n<script type=\"application\/ld+json\" class=\"yoast-schema-graph\">{\"@context\":\"https:\/\/schema.org\",\"@graph\":[{\"@type\":\"WebPage\",\"@id\":\"https:\/\/ismsancarlos.cl\/site2\/biblioteca\/\",\"url\":\"https:\/\/ismsancarlos.cl\/site2\/biblioteca\/\",\"name\":\"Biblioteca | Instituto Santa Mar\u00eda - San Carlos\",\"isPartOf\":{\"@id\":\"https:\/\/ismsancarlos.cl\/site2\/#website\"},\"datePublished\":\"2022-06-06T14:32:39+00:00\",\"dateModified\":\"2025-05-12T21:15:25+00:00\",\"breadcrumb\":{\"@id\":\"https:\/\/ismsancarlos.cl\/site2\/biblioteca\/#breadcrumb\"},\"inLanguage\":\"es\",\"potentialAction\":[{\"@type\":\"ReadAction\",\"target\":[\"https:\/\/ismsancarlos.cl\/site2\/biblioteca\/\"]}]},{\"@type\":\"BreadcrumbList\",\"@id\":\"https:\/\/ismsancarlos.cl\/site2\/biblioteca\/#breadcrumb\",\"itemListElement\":[{\"@type\":\"ListItem\",\"position\":1,\"name\":\"Portada\",\"item\":\"https:\/\/ismsancarlos.cl\/site2\/\"},{\"@type\":\"ListItem\",\"position\":2,\"name\":\"Biblioteca\"}]},{\"@type\":\"WebSite\",\"@id\":\"https:\/\/ismsancarlos.cl\/site2\/#website\",\"url\":\"https:\/\/ismsancarlos.cl\/site2\/\",\"name\":\"Instituto Santa Mar\u00eda - San Carlos\",\"description\":\"&quot;Aprender m\u00e1s para servir mejor&quot;\",\"publisher\":{\"@id\":\"https:\/\/ismsancarlos.cl\/site2\/#organization\"},\"potentialAction\":[{\"@type\":\"SearchAction\",\"target\":{\"@type\":\"EntryPoint\",\"urlTemplate\":\"https:\/\/ismsancarlos.cl\/site2\/?s={search_term_string}\"},\"query-input\":{\"@type\":\"PropertyValueSpecification\",\"valueRequired\":true,\"valueName\":\"search_term_string\"}}],\"inLanguage\":\"es\"},{\"@type\":\"Organization\",\"@id\":\"https:\/\/ismsancarlos.cl\/site2\/#organization\",\"name\":\"Instituto Santa Mar\u00eda Chill\u00e1n\",\"url\":\"https:\/\/ismsancarlos.cl\/site2\/\",\"logo\":{\"@type\":\"ImageObject\",\"inLanguage\":\"es\",\"@id\":\"https:\/\/ismsancarlos.cl\/site2\/#\/schema\/logo\/image\/\",\"url\":\"https:\/\/ismchillan.cl\/site\/wp-content\/uploads\/2021\/02\/logo-ISM-Chillan.png\",\"contentUrl\":\"https:\/\/ismchillan.cl\/site\/wp-content\/uploads\/2021\/02\/logo-ISM-Chillan.png\",\"width\":746,\"height\":228,\"caption\":\"Instituto Santa Mar\u00eda Chill\u00e1n\"},\"image\":{\"@id\":\"https:\/\/ismsancarlos.cl\/site2\/#\/schema\/logo\/image\/\"},\"sameAs\":[\"https:\/\/www.facebook.com\/insamach\",\"https:\/\/www.instagram.com\/ism_chillan\/?hl=es-la\",\"https:\/\/www.youtube.com\/channel\/UCU8IW1d8akOJJTePPCCMjjA\"]}]}<\/script>\n<!-- \/ Yoast SEO plugin. -->","yoast_head_json":{"title":"Biblioteca | Instituto Santa Mar\u00eda - San Carlos","robots":{"index":"index","follow":"follow","max-snippet":"max-snippet:-1","max-image-preview":"max-image-preview:large","max-video-preview":"max-video-preview:-1"},"canonical":"https:\/\/ismsancarlos.cl\/site2\/biblioteca\/","og_locale":"es_ES","og_type":"article","og_title":"Biblioteca | Instituto Santa Mar\u00eda - San Carlos","og_description":"[vc_row][vc_column][vc_single_image image=\u00bb13918&#8243; img_size=\u00bbfull\u00bb][stm_title title=\u00bbCentro de Lectura y Biblioteca Escolar (CRA)\u00bb][\/stm_title][vc_column_text]La Biblioteca Escolar CRA tiene como objetivo principal apoyar el proceso Ense\u00f1anza y Aprendizaje (Fomento a la Lectura, Apoyo Curricular y Educaci\u00f3n de Usuarios). Para ello ofrece a la Comunidad Escolar un conjunto de recursos y servicios. PRINCIPALES SERVICIOS DE LA BIBLIOTECA ESCOLAR Atenci\u00f3n en Sala, [&hellip;]","og_url":"https:\/\/ismsancarlos.cl\/site2\/biblioteca\/","og_site_name":"Instituto Santa Mar\u00eda - San Carlos","article_publisher":"https:\/\/www.facebook.com\/insamach","article_modified_time":"2025-05-12T21:15:25+00:00","twitter_card":"summary_large_image","twitter_misc":{"Tiempo de lectura":"3 minutos"},"schema":{"@context":"https:\/\/schema.org","@graph":[{"@type":"WebPage","@id":"https:\/\/ismsancarlos.cl\/site2\/biblioteca\/","url":"https:\/\/ismsancarlos.cl\/site2\/biblioteca\/","name":"Biblioteca | Instituto Santa Mar\u00eda - San Carlos","isPartOf":{"@id":"https:\/\/ismsancarlos.cl\/site2\/#website"},"datePublished":"2022-06-06T14:32:39+00:00","dateModified":"2025-05-12T21:15:25+00:00","breadcrumb":{"@id":"https:\/\/ismsancarlos.cl\/site2\/biblioteca\/#breadcrumb"},"inLanguage":"es","potentialAction":[{"@type":"ReadAction","target":["https:\/\/ismsancarlos.cl\/site2\/biblioteca\/"]}]},{"@type":"BreadcrumbList","@id":"https:\/\/ismsancarlos.cl\/site2\/biblioteca\/#breadcrumb","itemListElement":[{"@type":"ListItem","position":1,"name":"Portada","item":"https:\/\/ismsancarlos.cl\/site2\/"},{"@type":"ListItem","position":2,"name":"Biblioteca"}]},{"@type":"WebSite","@id":"https:\/\/ismsancarlos.cl\/site2\/#website","url":"https:\/\/ismsancarlos.cl\/site2\/","name":"Instituto Santa Mar\u00eda - San Carlos","description":"&quot;Aprender m\u00e1s para servir mejor&quot;","publisher":{"@id":"https:\/\/ismsancarlos.cl\/site2\/#organization"},"potentialAction":[{"@type":"SearchAction","target":{"@type":"EntryPoint","urlTemplate":"https:\/\/ismsancarlos.cl\/site2\/?s={search_term_string}"},"query-input":{"@type":"PropertyValueSpecification","valueRequired":true,"valueName":"search_term_string"}}],"inLanguage":"es"},{"@type":"Organization","@id":"https:\/\/ismsancarlos.cl\/site2\/#organization","name":"Instituto Santa Mar\u00eda Chill\u00e1n","url":"https:\/\/ismsancarlos.cl\/site2\/","logo":{"@type":"ImageObject","inLanguage":"es","@id":"https:\/\/ismsancarlos.cl\/site2\/#\/schema\/logo\/image\/","url":"https:\/\/ismchillan.cl\/site\/wp-content\/uploads\/2021\/02\/logo-ISM-Chillan.png","contentUrl":"https:\/\/ismchillan.cl\/site\/wp-content\/uploads\/2021\/02\/logo-ISM-Chillan.png","width":746,"height":228,"caption":"Instituto Santa Mar\u00eda Chill\u00e1n"},"image":{"@id":"https:\/\/ismsancarlos.cl\/site2\/#\/schema\/logo\/image\/"},"sameAs":["https:\/\/www.facebook.com\/insamach","https:\/\/www.instagram.com\/ism_chillan\/?hl=es-la","https:\/\/www.youtube.com\/channel\/UCU8IW1d8akOJJTePPCCMjjA"]}]}},"ticketed":false,"_links":{"self":[{"href":"https:\/\/ismsancarlos.cl\/site2\/wp-json\/wp\/v2\/pages\/6833","targetHints":{"allow":["GET"]}}],"collection":[{"href":"https:\/\/ismsancarlos.cl\/site2\/wp-json\/wp\/v2\/pages"}],"about":[{"href":"https:\/\/ismsancarlos.cl\/site2\/wp-json\/wp\/v2\/types\/page"}],"author":[{"embeddable":true,"href":"https:\/\/ismsancarlos.cl\/site2\/wp-json\/wp\/v2\/users\/1"}],"replies":[{"embeddable":true,"href":"https:\/\/ismsancarlos.cl\/site2\/wp-json\/wp\/v2\/comments?post=6833"}],"version-history":[{"count":15,"href":"https:\/\/ismsancarlos.cl\/site2\/wp-json\/wp\/v2\/pages\/6833\/revisions"}],"predecessor-version":[{"id":7112,"href":"https:\/\/ismsancarlos.cl\/site2\/wp-json\/wp\/v2\/pages\/6833\/revisions\/7112"}],"wp:attachment":[{"href":"https:\/\/ismsancarlos.cl\/site2\/wp-json\/wp\/v2\/media?parent=6833"}],"curies":[{"name":"wp","href":"https:\/\/api.w.org\/{rel}","templated":true}]}}