{"id":3180,"date":"2021-02-25T21:49:09","date_gmt":"2021-02-25T21:49:09","guid":{"rendered":"https:\/\/ismsancarlos.cl\/site\/?page_id=3180"},"modified":"2026-03-12T09:01:45","modified_gmt":"2026-03-12T12:01:45","slug":"convivencia","status":"publish","type":"page","link":"https:\/\/ismsancarlos.cl\/site2\/convivencia\/","title":{"rendered":"Convivencia Educativa"},"content":{"rendered":"<p>[vc_row][vc_column][stm_title sep_color=\u00bbcustom\u00bb page_title_enable=\u00bbtrue\u00bb sep_enable=\u00bbtrue\u00bb sep_color_custom=\u00bb#fad900&#8243;][\/stm_title][\/vc_column][\/vc_row][vc_row][vc_column width=\u00bb7\/12&#8243;][vc_column_text]ENCARGADO DE CONVIVENCIA EDUCATIVA<\/p>\n<p>Pertenece al equipo de Pastoral y Formaci\u00f3n del establecimiento, la labor que debe desarrollar es contribuir y promover una convivencia positiva entre todos los integrantes de la comunidad educativa por medio del desarrollo de una serie de acciones planificadas plasmadas en un Plan de Gesti\u00f3n de la Convivencia Escolar, las cuales estar\u00e1n sustentadas en los principios emanados del PEI, necesidades del establecimiento, PME y la Pol\u00edtica Nacional de Convivencia Escolar del MINEDUC y son socializadas a la comunidad escolar mediante mecanismos formales de participaci\u00f3n como el consejo escolar.[\/vc_column_text][vc_column_text]<strong>DENTRO DE SUS FUNCIONES, SE ENCUENTRAN:<\/strong><\/p>\n<ul>\n<li>Elaborar y desarrollar el Plan de Gesti\u00f3n de la Convivencia Educativa del establecimiento.<\/li>\n<li>Desplegar acciones de abordaje junto a coordinaciones de ciclo, equipos de gesti\u00f3n y equipo de Pastoral y Formaci\u00f3n del colegio frente a situaciones que atenten contra la convivencia escolar al interior de la instituci\u00f3n.<\/li>\n<li>Liderar la activaci\u00f3n de protocolos institucionales existentes en materia de violencia escolar y posibles vulneraciones de derecho que afecten a estudiantes.<\/li>\n<li>Generar instancias de participaci\u00f3n, reflexi\u00f3n y an\u00e1lisis de la convivencia educativa que involucre a distintos actores y representantes de la comunidad educativa.<\/li>\n<li>Promover una cultura de respeto, buen trato y colaboraci\u00f3n a nivel de estudiantes, familias y funcionarios (colaboradores).<\/li>\n<li>Apoyar en la gesti\u00f3n de un positivo ambiente y\/o clima organizacional al interior del establecimiento.<\/li>\n<li>Gestionar actividades de promoci\u00f3n y prevenci\u00f3n en materia de convivencia educativa.<\/li>\n<li>Contribuir con las acciones y experiencias socio-educativas definidas por el equipo del \u00e1rea de Pastoral y Formaci\u00f3n.<\/li>\n<\/ul>\n<p>[\/vc_column_text][\/vc_column][vc_column width=\u00bb5\/12&#8243;][stm_single_image img_responsive_enable=\u00bbtrue\u00bb img_id=\u00bb14903&#8243; css=\u00bb.vc_custom_1744311019441{margin-bottom: 10px !important;}\u00bb][stm_text_box title_tag=\u00bbh6&#8243; text_color=\u00bbcustom\u00bb stm_bg_color=\u00bbcustom\u00bb title=\u00bbPS. FELIPE SANDOVAL GUTI\u00c9RREZ\u00bb title_font_size=\u00bb16px\u00bb title_line_height=\u00bb18px\u00bb title_margin_b=\u00bb10px\u00bb text_color_custom=\u00bb#1e73be\u00bb text_margin_b=\u00bb0px\u00bb css=\u00bb.vc_custom_1773316428752{margin-bottom: 0px !important;padding-top: 20px !important;padding-right: 20px !important;padding-bottom: 0px !important;padding-left: 20px !important;}\u00bb]Coordinador de Convivencia Educativa[\/stm_text_box][stm_administrator_contact_details administrator_email=\u00bbfelipe.sandoval.gu@ismsancarlos.cl\u00bb css=\u00bb.vc_custom_1682997764389{margin-top: 0px !important;padding-top: 0px !important;padding-right: 20px !important;padding-left: 20px !important;}\u00bb][stm_spacing lg_spacing=\u00bb40px\u00bb][stm_single_image img_responsive_enable=\u00bbtrue\u00bb img_id=\u00bb14910&#8243; css=\u00bb.vc_custom_1773316803594{margin-bottom: 10px !important;}\u00bb][stm_text_box title_tag=\u00bbh6&#8243; text_color=\u00bbcustom\u00bb stm_bg_color=\u00bbcustom\u00bb title=\u00bbPS. ROCIO CIFUENTES LA PAZ\u00bb title_font_size=\u00bb16px\u00bb title_line_height=\u00bb18px\u00bb title_margin_b=\u00bb10px\u00bb text_color_custom=\u00bb#1e73be\u00bb text_margin_b=\u00bb0px\u00bb css=\u00bb.vc_custom_1773316830624{margin-bottom: 0px !important;padding-top: 20px !important;padding-right: 20px !important;padding-bottom: 0px !important;padding-left: 20px !important;}\u00bb]Coordinadora de Convivencia Educativa[\/stm_text_box][stm_administrator_contact_details administrator_email=\u00bbrocio.cifuentes@ismsancarlos.cl\u00bb css=\u00bb.vc_custom_1773316871308{margin-top: 0px !important;padding-top: 0px !important;padding-right: 20px !important;padding-left: 20px !important;}\u00bb][stm_spacing lg_spacing=\u00bb40px\u00bb][\/vc_column][\/vc_row][vc_row full_width=\u00bbstretch_row\u00bb el_id=\u00bbrecursos\u00bb css=\u00bb.vc_custom_1618974090182{background-color: #fff2dd !important;}\u00bb][vc_column][stm_spacing lg_spacing=\u00bb40px\u00bb][stm_title title_tag=\u00bbh3&#8243; title_font_weight=\u00bb300&#8243; title_more_link_enable=\u00bbtrue\u00bb title=\u00bbNoticias Conviencia Escolar\u00bb title_more_link=\u00bburl:https%3A%2F%2Fismsancarlos.cl%2Fsite%2Fcategory%2Fconvivencia-escolar%2F|title:Ver%20todo\u00bb][\/stm_title][stm_posts posts_category=\u00bbconvivencia-escolar\u00bb title=\u00bbRecursos Convivencia Escolar\u00bb posts_count=\u00bb3&#8243; thumb_size=\u00bb350&#215;213&#8243;][stm_spacing lg_spacing=\u00bb40px\u00bb][\/vc_column][\/vc_row]<\/p>\n","protected":false},"excerpt":{"rendered":"<p>[vc_row][vc_column][stm_title sep_color=\u00bbcustom\u00bb page_title_enable=\u00bbtrue\u00bb sep_enable=\u00bbtrue\u00bb sep_color_custom=\u00bb#fad900&#8243;][\/stm_title][\/vc_column][\/vc_row][vc_row][vc_column width=\u00bb7\/12&#8243;][vc_column_text]ENCARGADO DE CONVIVENCIA EDUCATIVA Pertenece al equipo de Pastoral y Formaci\u00f3n del establecimiento, la labor que debe desarrollar es contribuir y promover una convivencia positiva entre todos los integrantes de la comunidad educativa por medio del desarrollo de una serie de acciones planificadas plasmadas en un Plan de Gesti\u00f3n de [&hellip;]<\/p>\n","protected":false},"author":1,"featured_media":0,"parent":0,"menu_order":0,"comment_status":"closed","ping_status":"closed","template":"","meta":{"_price":"","_stock":"","_tribe_ticket_header":"","_tribe_default_ticket_provider":"","_tribe_ticket_capacity":"0","_ticket_start_date":"","_ticket_end_date":"","_tribe_ticket_show_description":"","_tribe_ticket_show_not_going":false,"_tribe_ticket_use_global_stock":"","_tribe_ticket_global_stock_level":"","_global_stock_mode":"","_global_stock_cap":"","_tribe_rsvp_for_event":"","_tribe_ticket_going_count":"","_tribe_ticket_not_going_count":"","_tribe_tickets_list":"[]","_tribe_ticket_has_attendee_info_fields":false,"footnotes":"","_tec_slr_enabled":"","_tec_slr_layout":""},"class_list":["post-3180","page","type-page","status-publish","hentry"],"yoast_head":"<!-- This site is optimized with the Yoast SEO plugin v25.6 - https:\/\/yoast.com\/wordpress\/plugins\/seo\/ -->\n<title>Convivencia Educativa | Instituto Santa Mar\u00eda - San Carlos<\/title>\n<meta name=\"robots\" content=\"index, follow, max-snippet:-1, max-image-preview:large, max-video-preview:-1\" \/>\n<link rel=\"canonical\" href=\"https:\/\/ismsancarlos.cl\/site2\/convivencia\/\" \/>\n<meta property=\"og:locale\" content=\"es_ES\" \/>\n<meta property=\"og:type\" content=\"article\" \/>\n<meta property=\"og:title\" content=\"Convivencia Educativa | Instituto Santa Mar\u00eda - San Carlos\" \/>\n<meta property=\"og:description\" content=\"[vc_row][vc_column][stm_title sep_color=\u00bbcustom\u00bb page_title_enable=\u00bbtrue\u00bb sep_enable=\u00bbtrue\u00bb sep_color_custom=\u00bb#fad900&#8243;][\/stm_title][\/vc_column][\/vc_row][vc_row][vc_column width=\u00bb7\/12&#8243;][vc_column_text]ENCARGADO DE CONVIVENCIA EDUCATIVA Pertenece al equipo de Pastoral y Formaci\u00f3n del establecimiento, la labor que debe desarrollar es contribuir y promover una convivencia positiva entre todos los integrantes de la comunidad educativa por medio del desarrollo de una serie de acciones planificadas plasmadas en un Plan de Gesti\u00f3n de [&hellip;]\" \/>\n<meta property=\"og:url\" content=\"https:\/\/ismsancarlos.cl\/site2\/convivencia\/\" \/>\n<meta property=\"og:site_name\" content=\"Instituto Santa Mar\u00eda - San Carlos\" \/>\n<meta property=\"article:publisher\" content=\"https:\/\/www.facebook.com\/insamach\" \/>\n<meta property=\"article:modified_time\" content=\"2026-03-12T12:01:45+00:00\" \/>\n<meta name=\"twitter:card\" content=\"summary_large_image\" \/>\n<meta name=\"twitter:label1\" content=\"Tiempo de lectura\" \/>\n\t<meta name=\"twitter:data1\" content=\"2 minutos\" \/>\n<script type=\"application\/ld+json\" class=\"yoast-schema-graph\">{\"@context\":\"https:\/\/schema.org\",\"@graph\":[{\"@type\":\"WebPage\",\"@id\":\"https:\/\/ismsancarlos.cl\/site2\/convivencia\/\",\"url\":\"https:\/\/ismsancarlos.cl\/site2\/convivencia\/\",\"name\":\"Convivencia Educativa | Instituto Santa Mar\u00eda - San Carlos\",\"isPartOf\":{\"@id\":\"https:\/\/ismsancarlos.cl\/site2\/#website\"},\"datePublished\":\"2021-02-25T21:49:09+00:00\",\"dateModified\":\"2026-03-12T12:01:45+00:00\",\"breadcrumb\":{\"@id\":\"https:\/\/ismsancarlos.cl\/site2\/convivencia\/#breadcrumb\"},\"inLanguage\":\"es\",\"potentialAction\":[{\"@type\":\"ReadAction\",\"target\":[\"https:\/\/ismsancarlos.cl\/site2\/convivencia\/\"]}]},{\"@type\":\"BreadcrumbList\",\"@id\":\"https:\/\/ismsancarlos.cl\/site2\/convivencia\/#breadcrumb\",\"itemListElement\":[{\"@type\":\"ListItem\",\"position\":1,\"name\":\"Portada\",\"item\":\"https:\/\/ismsancarlos.cl\/site2\/\"},{\"@type\":\"ListItem\",\"position\":2,\"name\":\"Convivencia Educativa\"}]},{\"@type\":\"WebSite\",\"@id\":\"https:\/\/ismsancarlos.cl\/site2\/#website\",\"url\":\"https:\/\/ismsancarlos.cl\/site2\/\",\"name\":\"Instituto Santa Mar\u00eda - San Carlos\",\"description\":\"&quot;Aprender m\u00e1s para servir mejor&quot;\",\"publisher\":{\"@id\":\"https:\/\/ismsancarlos.cl\/site2\/#organization\"},\"potentialAction\":[{\"@type\":\"SearchAction\",\"target\":{\"@type\":\"EntryPoint\",\"urlTemplate\":\"https:\/\/ismsancarlos.cl\/site2\/?s={search_term_string}\"},\"query-input\":{\"@type\":\"PropertyValueSpecification\",\"valueRequired\":true,\"valueName\":\"search_term_string\"}}],\"inLanguage\":\"es\"},{\"@type\":\"Organization\",\"@id\":\"https:\/\/ismsancarlos.cl\/site2\/#organization\",\"name\":\"Instituto Santa Mar\u00eda Chill\u00e1n\",\"url\":\"https:\/\/ismsancarlos.cl\/site2\/\",\"logo\":{\"@type\":\"ImageObject\",\"inLanguage\":\"es\",\"@id\":\"https:\/\/ismsancarlos.cl\/site2\/#\/schema\/logo\/image\/\",\"url\":\"https:\/\/ismchillan.cl\/site\/wp-content\/uploads\/2021\/02\/logo-ISM-Chillan.png\",\"contentUrl\":\"https:\/\/ismchillan.cl\/site\/wp-content\/uploads\/2021\/02\/logo-ISM-Chillan.png\",\"width\":746,\"height\":228,\"caption\":\"Instituto Santa Mar\u00eda Chill\u00e1n\"},\"image\":{\"@id\":\"https:\/\/ismsancarlos.cl\/site2\/#\/schema\/logo\/image\/\"},\"sameAs\":[\"https:\/\/www.facebook.com\/insamach\",\"https:\/\/www.instagram.com\/ism_chillan\/?hl=es-la\",\"https:\/\/www.youtube.com\/channel\/UCU8IW1d8akOJJTePPCCMjjA\"]}]}<\/script>\n<!-- \/ Yoast SEO plugin. -->","yoast_head_json":{"title":"Convivencia Educativa | Instituto Santa Mar\u00eda - San Carlos","robots":{"index":"index","follow":"follow","max-snippet":"max-snippet:-1","max-image-preview":"max-image-preview:large","max-video-preview":"max-video-preview:-1"},"canonical":"https:\/\/ismsancarlos.cl\/site2\/convivencia\/","og_locale":"es_ES","og_type":"article","og_title":"Convivencia Educativa | Instituto Santa Mar\u00eda - San Carlos","og_description":"[vc_row][vc_column][stm_title sep_color=\u00bbcustom\u00bb page_title_enable=\u00bbtrue\u00bb sep_enable=\u00bbtrue\u00bb sep_color_custom=\u00bb#fad900&#8243;][\/stm_title][\/vc_column][\/vc_row][vc_row][vc_column width=\u00bb7\/12&#8243;][vc_column_text]ENCARGADO DE CONVIVENCIA EDUCATIVA Pertenece al equipo de Pastoral y Formaci\u00f3n del establecimiento, la labor que debe desarrollar es contribuir y promover una convivencia positiva entre todos los integrantes de la comunidad educativa por medio del desarrollo de una serie de acciones planificadas plasmadas en un Plan de Gesti\u00f3n de [&hellip;]","og_url":"https:\/\/ismsancarlos.cl\/site2\/convivencia\/","og_site_name":"Instituto Santa Mar\u00eda - San Carlos","article_publisher":"https:\/\/www.facebook.com\/insamach","article_modified_time":"2026-03-12T12:01:45+00:00","twitter_card":"summary_large_image","twitter_misc":{"Tiempo de lectura":"2 minutos"},"schema":{"@context":"https:\/\/schema.org","@graph":[{"@type":"WebPage","@id":"https:\/\/ismsancarlos.cl\/site2\/convivencia\/","url":"https:\/\/ismsancarlos.cl\/site2\/convivencia\/","name":"Convivencia Educativa | Instituto Santa Mar\u00eda - San Carlos","isPartOf":{"@id":"https:\/\/ismsancarlos.cl\/site2\/#website"},"datePublished":"2021-02-25T21:49:09+00:00","dateModified":"2026-03-12T12:01:45+00:00","breadcrumb":{"@id":"https:\/\/ismsancarlos.cl\/site2\/convivencia\/#breadcrumb"},"inLanguage":"es","potentialAction":[{"@type":"ReadAction","target":["https:\/\/ismsancarlos.cl\/site2\/convivencia\/"]}]},{"@type":"BreadcrumbList","@id":"https:\/\/ismsancarlos.cl\/site2\/convivencia\/#breadcrumb","itemListElement":[{"@type":"ListItem","position":1,"name":"Portada","item":"https:\/\/ismsancarlos.cl\/site2\/"},{"@type":"ListItem","position":2,"name":"Convivencia Educativa"}]},{"@type":"WebSite","@id":"https:\/\/ismsancarlos.cl\/site2\/#website","url":"https:\/\/ismsancarlos.cl\/site2\/","name":"Instituto Santa Mar\u00eda - San Carlos","description":"&quot;Aprender m\u00e1s para servir mejor&quot;","publisher":{"@id":"https:\/\/ismsancarlos.cl\/site2\/#organization"},"potentialAction":[{"@type":"SearchAction","target":{"@type":"EntryPoint","urlTemplate":"https:\/\/ismsancarlos.cl\/site2\/?s={search_term_string}"},"query-input":{"@type":"PropertyValueSpecification","valueRequired":true,"valueName":"search_term_string"}}],"inLanguage":"es"},{"@type":"Organization","@id":"https:\/\/ismsancarlos.cl\/site2\/#organization","name":"Instituto Santa Mar\u00eda Chill\u00e1n","url":"https:\/\/ismsancarlos.cl\/site2\/","logo":{"@type":"ImageObject","inLanguage":"es","@id":"https:\/\/ismsancarlos.cl\/site2\/#\/schema\/logo\/image\/","url":"https:\/\/ismchillan.cl\/site\/wp-content\/uploads\/2021\/02\/logo-ISM-Chillan.png","contentUrl":"https:\/\/ismchillan.cl\/site\/wp-content\/uploads\/2021\/02\/logo-ISM-Chillan.png","width":746,"height":228,"caption":"Instituto Santa Mar\u00eda Chill\u00e1n"},"image":{"@id":"https:\/\/ismsancarlos.cl\/site2\/#\/schema\/logo\/image\/"},"sameAs":["https:\/\/www.facebook.com\/insamach","https:\/\/www.instagram.com\/ism_chillan\/?hl=es-la","https:\/\/www.youtube.com\/channel\/UCU8IW1d8akOJJTePPCCMjjA"]}]}},"ticketed":false,"_links":{"self":[{"href":"https:\/\/ismsancarlos.cl\/site2\/wp-json\/wp\/v2\/pages\/3180","targetHints":{"allow":["GET"]}}],"collection":[{"href":"https:\/\/ismsancarlos.cl\/site2\/wp-json\/wp\/v2\/pages"}],"about":[{"href":"https:\/\/ismsancarlos.cl\/site2\/wp-json\/wp\/v2\/types\/page"}],"author":[{"embeddable":true,"href":"https:\/\/ismsancarlos.cl\/site2\/wp-json\/wp\/v2\/users\/1"}],"replies":[{"embeddable":true,"href":"https:\/\/ismsancarlos.cl\/site2\/wp-json\/wp\/v2\/comments?post=3180"}],"version-history":[{"count":58,"href":"https:\/\/ismsancarlos.cl\/site2\/wp-json\/wp\/v2\/pages\/3180\/revisions"}],"predecessor-version":[{"id":14714,"href":"https:\/\/ismsancarlos.cl\/site2\/wp-json\/wp\/v2\/pages\/3180\/revisions\/14714"}],"wp:attachment":[{"href":"https:\/\/ismsancarlos.cl\/site2\/wp-json\/wp\/v2\/media?parent=3180"}],"curies":[{"name":"wp","href":"https:\/\/api.w.org\/{rel}","templated":true}]}}