{"id":3082,"date":"2021-02-25T04:11:57","date_gmt":"2021-02-25T04:11:57","guid":{"rendered":"https:\/\/ismsancarlos.cl\/site\/?page_id=3082"},"modified":"2026-03-06T10:45:11","modified_gmt":"2026-03-06T13:45:11","slug":"saludo-director","status":"publish","type":"page","link":"https:\/\/ismsancarlos.cl\/site2\/saludo-director\/","title":{"rendered":"Saludo Director"},"content":{"rendered":"<p>[vc_row][vc_column][stm_title sep_color=\u00bbcustom\u00bb page_title_enable=\u00bbtrue\u00bb sep_enable=\u00bbtrue\u00bb sep_color_custom=\u00bb#fad900&#8243; title_font_size=\u00bb36px\u00bb title_line_height=\u00bb54px\u00bb title_margin_b=\u00bb35px\u00bb][\/stm_title][vc_row_inner][vc_column_inner width=\u00bb5\/12&#8243;][stm_single_image img_responsive_enable=\u00bbtrue\u00bb img_id=\u00bb14843&#8243; css=\u00bb.vc_custom_1743686476532{margin-bottom: 5px !important;}\u00bb img_size=\u00bb445&#215;500&#8243;][vc_column_text]<strong>Rodrigo Cisternas Mu\u00f1oz<\/strong>, Director[\/vc_column_text][\/vc_column_inner][vc_column_inner width=\u00bb7\/12&#8243;][vc_column_text][\/vc_column_text][vc_column_text]<strong>Estimadas familias, queridos estudiantes, docentes y colaboradores:<\/strong><\/p>\n<p>Con mucha alegr\u00eda les damos la m\u00e1s cordial bienvenida al inicio de este nuevo a\u00f1o acad\u00e9mico 2026. Comenzamos este ciclo con esperanza renovada y con el firme compromiso de seguir construyendo, entre todos, una comunidad educativa que acompa\u00f1a, forma y cuida a cada uno de sus miembros.<\/p>\n<p>Cada nuevo a\u00f1o escolar es una oportunidad para reencontrarnos, fortalecer nuestros v\u00ednculos y renovar el sentido de nuestra misi\u00f3n educativa. Como comunidad inspirada en el legado de Mary Ward, reafirmamos nuestro prop\u00f3sito de formar personas \u00edntegras y comprometidas con la construcci\u00f3n de una sociedad m\u00e1s justa, fraterna y solidaria.<\/p>\n<p>Nuestra fundadora nos dej\u00f3 una profunda inspiraci\u00f3n: educar desde la libertad, la responsabilidad y la confianza en el potencial de cada persona. Siguiendo su ejemplo, buscamos que nuestro colegio sea un espacio donde los estudiantes puedan desarrollar sus talentos, cultivar el pensamiento cr\u00edtico y crecer no solo en lo acad\u00e9mico, sino tambi\u00e9n en lo humano, espiritual y social.<\/p>\n<p>A nuestros estudiantes los invitamos a vivir este a\u00f1o con entusiasmo y dedicaci\u00f3n, aprovechando cada oportunidad para aprender, descubrir y compartir con sus compa\u00f1eros. Cada experiencia en el colegio es parte de un camino que los ayudar\u00e1 a convertirse en personas capaces de aportar al mundo con generosidad y compromiso.<\/p>\n<p>A nuestras familias, les agradecemos profundamente la confianza que depositan en nuestro proyecto educativo. Su acompa\u00f1amiento y cercan\u00eda son fundamentales para el proceso formativo de sus hijos e hijas. La educaci\u00f3n es una tarea compartida, y el trabajo conjunto entre familia y colegio es clave para el crecimiento de nuestros estudiantes.<\/p>\n<p>Finalmente, quiero agradecer a nuestros docentes y colaboradores por su vocaci\u00f3n, dedicaci\u00f3n y compromiso con la misi\u00f3n educativa de nuestro colegio. Gracias a su trabajo diario es posible crear un ambiente de aprendizaje que promueve el respeto, la inclusi\u00f3n y el desarrollo integral de cada estudiante.<\/p>\n<p>Que este a\u00f1o 2026 sea un tiempo de aprendizaje, crecimiento y encuentro, en el que, inspirados por el esp\u00edritu de Mary Ward, sigamos caminando juntos con esperanza, confianza y sentido de comunidad.<\/p>\n<p>Un saludo afectuoso,<\/p>\n<p>Rodrigo Cisternas Mu\u00f1oz<\/p>\n<p>Director[\/vc_column_text][\/vc_column_inner][\/vc_row_inner][stm_spacing lg_spacing=\u00bb60px\u00bb md_spacing=\u00bb40px\u00bb sm_spacing=\u00bb20px\u00bb xs_spacing=\u00bb20px\u00bb][\/vc_column][\/vc_row]<\/p>\n","protected":false},"excerpt":{"rendered":"<p>[vc_row][vc_column][stm_title sep_color=\u00bbcustom\u00bb page_title_enable=\u00bbtrue\u00bb sep_enable=\u00bbtrue\u00bb sep_color_custom=\u00bb#fad900&#8243; title_font_size=\u00bb36px\u00bb title_line_height=\u00bb54px\u00bb title_margin_b=\u00bb35px\u00bb][\/stm_title][vc_row_inner][vc_column_inner width=\u00bb5\/12&#8243;][stm_single_image img_responsive_enable=\u00bbtrue\u00bb img_id=\u00bb14843&#8243; css=\u00bb.vc_custom_1743686476532{margin-bottom: 5px !important;}\u00bb img_size=\u00bb445&#215;500&#8243;][vc_column_text]Rodrigo Cisternas Mu\u00f1oz, Director[\/vc_column_text][\/vc_column_inner][vc_column_inner width=\u00bb7\/12&#8243;][vc_column_text][\/vc_column_text][vc_column_text]Estimadas familias, queridos estudiantes, docentes y colaboradores: Con mucha alegr\u00eda les damos la m\u00e1s cordial bienvenida al inicio de este nuevo a\u00f1o acad\u00e9mico 2026. Comenzamos este ciclo con esperanza renovada y con el firme compromiso de seguir [&hellip;]<\/p>\n","protected":false},"author":1,"featured_media":0,"parent":0,"menu_order":0,"comment_status":"closed","ping_status":"closed","template":"","meta":{"_price":"","_stock":"","_tribe_ticket_header":"","_tribe_default_ticket_provider":"","_tribe_ticket_capacity":"0","_ticket_start_date":"","_ticket_end_date":"","_tribe_ticket_show_description":"","_tribe_ticket_show_not_going":false,"_tribe_ticket_use_global_stock":"","_tribe_ticket_global_stock_level":"","_global_stock_mode":"","_global_stock_cap":"","_tribe_rsvp_for_event":"","_tribe_ticket_going_count":"","_tribe_ticket_not_going_count":"","_tribe_tickets_list":"[]","_tribe_ticket_has_attendee_info_fields":false,"footnotes":"","_tec_slr_enabled":"","_tec_slr_layout":""},"class_list":["post-3082","page","type-page","status-publish","hentry"],"yoast_head":"<!-- This site is optimized with the Yoast SEO plugin v25.6 - https:\/\/yoast.com\/wordpress\/plugins\/seo\/ -->\n<title>Saludo Director | Instituto Santa Mar\u00eda - San Carlos<\/title>\n<meta name=\"robots\" content=\"index, follow, max-snippet:-1, max-image-preview:large, max-video-preview:-1\" \/>\n<link rel=\"canonical\" href=\"https:\/\/ismsancarlos.cl\/site2\/saludo-director\/\" \/>\n<meta property=\"og:locale\" content=\"es_ES\" \/>\n<meta property=\"og:type\" content=\"article\" \/>\n<meta property=\"og:title\" content=\"Saludo Director | Instituto Santa Mar\u00eda - San Carlos\" \/>\n<meta property=\"og:description\" content=\"[vc_row][vc_column][stm_title sep_color=\u00bbcustom\u00bb page_title_enable=\u00bbtrue\u00bb sep_enable=\u00bbtrue\u00bb sep_color_custom=\u00bb#fad900&#8243; title_font_size=\u00bb36px\u00bb title_line_height=\u00bb54px\u00bb title_margin_b=\u00bb35px\u00bb][\/stm_title][vc_row_inner][vc_column_inner width=\u00bb5\/12&#8243;][stm_single_image img_responsive_enable=\u00bbtrue\u00bb img_id=\u00bb14843&#8243; css=\u00bb.vc_custom_1743686476532{margin-bottom: 5px !important;}\u00bb img_size=\u00bb445&#215;500&#8243;][vc_column_text]Rodrigo Cisternas Mu\u00f1oz, Director[\/vc_column_text][\/vc_column_inner][vc_column_inner width=\u00bb7\/12&#8243;][vc_column_text][\/vc_column_text][vc_column_text]Estimadas familias, queridos estudiantes, docentes y colaboradores: Con mucha alegr\u00eda les damos la m\u00e1s cordial bienvenida al inicio de este nuevo a\u00f1o acad\u00e9mico 2026. Comenzamos este ciclo con esperanza renovada y con el firme compromiso de seguir [&hellip;]\" \/>\n<meta property=\"og:url\" content=\"https:\/\/ismsancarlos.cl\/site2\/saludo-director\/\" \/>\n<meta property=\"og:site_name\" content=\"Instituto Santa Mar\u00eda - San Carlos\" \/>\n<meta property=\"article:publisher\" content=\"https:\/\/www.facebook.com\/insamach\" \/>\n<meta property=\"article:modified_time\" content=\"2026-03-06T13:45:11+00:00\" \/>\n<meta name=\"twitter:card\" content=\"summary_large_image\" \/>\n<meta name=\"twitter:label1\" content=\"Tiempo de lectura\" \/>\n\t<meta name=\"twitter:data1\" content=\"2 minutos\" \/>\n<script type=\"application\/ld+json\" class=\"yoast-schema-graph\">{\"@context\":\"https:\/\/schema.org\",\"@graph\":[{\"@type\":\"WebPage\",\"@id\":\"https:\/\/ismsancarlos.cl\/site2\/saludo-director\/\",\"url\":\"https:\/\/ismsancarlos.cl\/site2\/saludo-director\/\",\"name\":\"Saludo Director | Instituto Santa Mar\u00eda - San Carlos\",\"isPartOf\":{\"@id\":\"https:\/\/ismsancarlos.cl\/site2\/#website\"},\"datePublished\":\"2021-02-25T04:11:57+00:00\",\"dateModified\":\"2026-03-06T13:45:11+00:00\",\"breadcrumb\":{\"@id\":\"https:\/\/ismsancarlos.cl\/site2\/saludo-director\/#breadcrumb\"},\"inLanguage\":\"es\",\"potentialAction\":[{\"@type\":\"ReadAction\",\"target\":[\"https:\/\/ismsancarlos.cl\/site2\/saludo-director\/\"]}]},{\"@type\":\"BreadcrumbList\",\"@id\":\"https:\/\/ismsancarlos.cl\/site2\/saludo-director\/#breadcrumb\",\"itemListElement\":[{\"@type\":\"ListItem\",\"position\":1,\"name\":\"Portada\",\"item\":\"https:\/\/ismsancarlos.cl\/site2\/\"},{\"@type\":\"ListItem\",\"position\":2,\"name\":\"Saludo Director\"}]},{\"@type\":\"WebSite\",\"@id\":\"https:\/\/ismsancarlos.cl\/site2\/#website\",\"url\":\"https:\/\/ismsancarlos.cl\/site2\/\",\"name\":\"Instituto Santa Mar\u00eda - San Carlos\",\"description\":\"&quot;Aprender m\u00e1s para servir mejor&quot;\",\"publisher\":{\"@id\":\"https:\/\/ismsancarlos.cl\/site2\/#organization\"},\"potentialAction\":[{\"@type\":\"SearchAction\",\"target\":{\"@type\":\"EntryPoint\",\"urlTemplate\":\"https:\/\/ismsancarlos.cl\/site2\/?s={search_term_string}\"},\"query-input\":{\"@type\":\"PropertyValueSpecification\",\"valueRequired\":true,\"valueName\":\"search_term_string\"}}],\"inLanguage\":\"es\"},{\"@type\":\"Organization\",\"@id\":\"https:\/\/ismsancarlos.cl\/site2\/#organization\",\"name\":\"Instituto Santa Mar\u00eda Chill\u00e1n\",\"url\":\"https:\/\/ismsancarlos.cl\/site2\/\",\"logo\":{\"@type\":\"ImageObject\",\"inLanguage\":\"es\",\"@id\":\"https:\/\/ismsancarlos.cl\/site2\/#\/schema\/logo\/image\/\",\"url\":\"https:\/\/ismchillan.cl\/site\/wp-content\/uploads\/2021\/02\/logo-ISM-Chillan.png\",\"contentUrl\":\"https:\/\/ismchillan.cl\/site\/wp-content\/uploads\/2021\/02\/logo-ISM-Chillan.png\",\"width\":746,\"height\":228,\"caption\":\"Instituto Santa Mar\u00eda Chill\u00e1n\"},\"image\":{\"@id\":\"https:\/\/ismsancarlos.cl\/site2\/#\/schema\/logo\/image\/\"},\"sameAs\":[\"https:\/\/www.facebook.com\/insamach\",\"https:\/\/www.instagram.com\/ism_chillan\/?hl=es-la\",\"https:\/\/www.youtube.com\/channel\/UCU8IW1d8akOJJTePPCCMjjA\"]}]}<\/script>\n<!-- \/ Yoast SEO plugin. -->","yoast_head_json":{"title":"Saludo Director | Instituto Santa Mar\u00eda - San Carlos","robots":{"index":"index","follow":"follow","max-snippet":"max-snippet:-1","max-image-preview":"max-image-preview:large","max-video-preview":"max-video-preview:-1"},"canonical":"https:\/\/ismsancarlos.cl\/site2\/saludo-director\/","og_locale":"es_ES","og_type":"article","og_title":"Saludo Director | Instituto Santa Mar\u00eda - San Carlos","og_description":"[vc_row][vc_column][stm_title sep_color=\u00bbcustom\u00bb page_title_enable=\u00bbtrue\u00bb sep_enable=\u00bbtrue\u00bb sep_color_custom=\u00bb#fad900&#8243; title_font_size=\u00bb36px\u00bb title_line_height=\u00bb54px\u00bb title_margin_b=\u00bb35px\u00bb][\/stm_title][vc_row_inner][vc_column_inner width=\u00bb5\/12&#8243;][stm_single_image img_responsive_enable=\u00bbtrue\u00bb img_id=\u00bb14843&#8243; css=\u00bb.vc_custom_1743686476532{margin-bottom: 5px !important;}\u00bb img_size=\u00bb445&#215;500&#8243;][vc_column_text]Rodrigo Cisternas Mu\u00f1oz, Director[\/vc_column_text][\/vc_column_inner][vc_column_inner width=\u00bb7\/12&#8243;][vc_column_text][\/vc_column_text][vc_column_text]Estimadas familias, queridos estudiantes, docentes y colaboradores: Con mucha alegr\u00eda les damos la m\u00e1s cordial bienvenida al inicio de este nuevo a\u00f1o acad\u00e9mico 2026. Comenzamos este ciclo con esperanza renovada y con el firme compromiso de seguir [&hellip;]","og_url":"https:\/\/ismsancarlos.cl\/site2\/saludo-director\/","og_site_name":"Instituto Santa Mar\u00eda - San Carlos","article_publisher":"https:\/\/www.facebook.com\/insamach","article_modified_time":"2026-03-06T13:45:11+00:00","twitter_card":"summary_large_image","twitter_misc":{"Tiempo de lectura":"2 minutos"},"schema":{"@context":"https:\/\/schema.org","@graph":[{"@type":"WebPage","@id":"https:\/\/ismsancarlos.cl\/site2\/saludo-director\/","url":"https:\/\/ismsancarlos.cl\/site2\/saludo-director\/","name":"Saludo Director | Instituto Santa Mar\u00eda - San Carlos","isPartOf":{"@id":"https:\/\/ismsancarlos.cl\/site2\/#website"},"datePublished":"2021-02-25T04:11:57+00:00","dateModified":"2026-03-06T13:45:11+00:00","breadcrumb":{"@id":"https:\/\/ismsancarlos.cl\/site2\/saludo-director\/#breadcrumb"},"inLanguage":"es","potentialAction":[{"@type":"ReadAction","target":["https:\/\/ismsancarlos.cl\/site2\/saludo-director\/"]}]},{"@type":"BreadcrumbList","@id":"https:\/\/ismsancarlos.cl\/site2\/saludo-director\/#breadcrumb","itemListElement":[{"@type":"ListItem","position":1,"name":"Portada","item":"https:\/\/ismsancarlos.cl\/site2\/"},{"@type":"ListItem","position":2,"name":"Saludo Director"}]},{"@type":"WebSite","@id":"https:\/\/ismsancarlos.cl\/site2\/#website","url":"https:\/\/ismsancarlos.cl\/site2\/","name":"Instituto Santa Mar\u00eda - San Carlos","description":"&quot;Aprender m\u00e1s para servir mejor&quot;","publisher":{"@id":"https:\/\/ismsancarlos.cl\/site2\/#organization"},"potentialAction":[{"@type":"SearchAction","target":{"@type":"EntryPoint","urlTemplate":"https:\/\/ismsancarlos.cl\/site2\/?s={search_term_string}"},"query-input":{"@type":"PropertyValueSpecification","valueRequired":true,"valueName":"search_term_string"}}],"inLanguage":"es"},{"@type":"Organization","@id":"https:\/\/ismsancarlos.cl\/site2\/#organization","name":"Instituto Santa Mar\u00eda Chill\u00e1n","url":"https:\/\/ismsancarlos.cl\/site2\/","logo":{"@type":"ImageObject","inLanguage":"es","@id":"https:\/\/ismsancarlos.cl\/site2\/#\/schema\/logo\/image\/","url":"https:\/\/ismchillan.cl\/site\/wp-content\/uploads\/2021\/02\/logo-ISM-Chillan.png","contentUrl":"https:\/\/ismchillan.cl\/site\/wp-content\/uploads\/2021\/02\/logo-ISM-Chillan.png","width":746,"height":228,"caption":"Instituto Santa Mar\u00eda Chill\u00e1n"},"image":{"@id":"https:\/\/ismsancarlos.cl\/site2\/#\/schema\/logo\/image\/"},"sameAs":["https:\/\/www.facebook.com\/insamach","https:\/\/www.instagram.com\/ism_chillan\/?hl=es-la","https:\/\/www.youtube.com\/channel\/UCU8IW1d8akOJJTePPCCMjjA"]}]}},"ticketed":false,"_links":{"self":[{"href":"https:\/\/ismsancarlos.cl\/site2\/wp-json\/wp\/v2\/pages\/3082","targetHints":{"allow":["GET"]}}],"collection":[{"href":"https:\/\/ismsancarlos.cl\/site2\/wp-json\/wp\/v2\/pages"}],"about":[{"href":"https:\/\/ismsancarlos.cl\/site2\/wp-json\/wp\/v2\/types\/page"}],"author":[{"embeddable":true,"href":"https:\/\/ismsancarlos.cl\/site2\/wp-json\/wp\/v2\/users\/1"}],"replies":[{"embeddable":true,"href":"https:\/\/ismsancarlos.cl\/site2\/wp-json\/wp\/v2\/comments?post=3082"}],"version-history":[{"count":25,"href":"https:\/\/ismsancarlos.cl\/site2\/wp-json\/wp\/v2\/pages\/3082\/revisions"}],"predecessor-version":[{"id":16374,"href":"https:\/\/ismsancarlos.cl\/site2\/wp-json\/wp\/v2\/pages\/3082\/revisions\/16374"}],"wp:attachment":[{"href":"https:\/\/ismsancarlos.cl\/site2\/wp-json\/wp\/v2\/media?parent=3082"}],"curies":[{"name":"wp","href":"https:\/\/api.w.org\/{rel}","templated":true}]}}