{"id":14170,"date":"2024-04-23T14:53:14","date_gmt":"2024-04-23T17:53:14","guid":{"rendered":"https:\/\/ismsancarlos.cl\/site2\/?page_id=14170"},"modified":"2026-03-12T10:02:22","modified_gmt":"2026-03-12T13:02:22","slug":"equipo-tecni","status":"publish","type":"page","link":"https:\/\/ismsancarlos.cl\/site2\/equipo-tecni\/","title":{"rendered":"Equipo T\u00e9cnico"},"content":{"rendered":"<p>[vc_row][vc_column][stm_title sep_color=\u00bbcustom\u00bb page_title_enable=\u00bbtrue\u00bb sep_enable=\u00bbtrue\u00bb sep_color_custom=\u00bb#fad900&#8243;][\/stm_title][\/vc_column][\/vc_row][vc_row][vc_column width=\u00bb7\/12&#8243;][vc_column_text]Dentro de las funciones de la Coordinaci\u00f3n Pedag\u00f3gica esta el contribuir al mejoramiento de los procesos y pr\u00e1cticas pedag\u00f3gicas del establecimiento mediante el acompa\u00f1amiento a docentes, equipo t\u00e9cnico y coordinaciones de ciclos,\u00a0 desarrollando y fortaleciendo el accionar de los profesores en sus m\u00faltiples funciones, especialmente dentro del aula implementando metodolog\u00edas basadas en el trabajo colaborativo, retroalimentaci\u00f3n, evaluaci\u00f3n formativa y metacognici\u00f3n. Apoyo en la conducci\u00f3n de instancias de reflexi\u00f3n pedag\u00f3gica y Desarrollo Profesional Docente. Seguimiento y monitoreo del aprendizaje de todos los estudiantes.<br \/>\nSabemos que educar es mucho m\u00e1s que ense\u00f1ar habilidades intelectuales, es formar personas en su totalidad, estimulando tambi\u00e9n en los educandos habilidades emocionales, sociales y como colegio cat\u00f3lico, tambi\u00e9n sembrar el amor y fe en\u00a0 nuestro buen Padre Dios.<br \/>\nLa formaci\u00f3n integral de nuestros estudiantes es uno de nuestros principales objetivos y as\u00ed se establece en nuestro Proyecto Educativo, principal hilo conductor de nuestra misi\u00f3n.<\/p>\n<p>Nuestro desaf\u00edo es formar estudiantes cultos, comprometidos, solidarios y tolerantes.<br \/>\nNuestro colegio, en virtud de su carisma tambi\u00e9n apunta a \u201cArticular una correcta pedagog\u00eda del discernimiento, de tal modo que al terminar el proceso formativo, el estudiante no s\u00f3lo se haya instruido en las distintas \u00e1reas del saber, sino que adem\u00e1s,\u00a0tenga claridad respecto a su propio proyecto vital, respecto al horizonte de su existencia\u201d.<\/p>\n<p>Gran relevancia tiene para nuestro establecimiento cultivar en nuestros educandos los valores legados por nuestra fundadora: La verdad, Libertad, Justicia y Alegr\u00eda.<\/p>\n<p>Queremos que sean respetuosos, responsables, grandes colaboradores y buenos ciudadanos. Los nuevos tiempos demandan la formaci\u00f3n de personas con capacidad de desenvolverse de manera fluida y arm\u00f3nica en los diferentes contextos, con la capacidad de tomar decisiones, de trabajar en equipo y demostrar su aporte a la sociedad a trav\u00e9s de sus obras.<br \/>\nSon 87 a\u00f1os que como colegio hemos tenido que adaptarnos a los requerimientos seg\u00fan las necesidades de cada \u00e9poca. Los \u00faltimos tiempos no han sido f\u00e1ciles, pero quisiera instar a nuestros estudiantes a perseguir sus sue\u00f1os y proyectos, a luchar para alcanzar sus metas ya que como dijo nuestra fundadora Mary Ward;<br \/>\n<em>\u201cEl camino de la virtud no permite paradas, quien no avanza, retrocede\u201d.<\/em>[\/vc_column_text][\/vc_column][vc_column width=\u00bb5\/12&#8243;][stm_single_image img_responsive_enable=\u00bbtrue\u00bb img_id=\u00bb14889&#8243; img_size=\u00bbfull\u00bb css=\u00bb.vc_custom_1744235541202{margin-bottom: 10px !important;}\u00bb][stm_text_box title_tag=\u00bbh6&#8243; text_color=\u00bbcustom\u00bb stm_bg_color=\u00bbcustom\u00bb css=\u00bb.vc_custom_1713893618671{margin-bottom: 0px !important;padding-top: 20px !important;padding-right: 20px !important;padding-bottom: 0px !important;padding-left: 20px !important;}\u00bb title=\u00bbYESMIN GONZ\u00c1LEZ MEL\u00c9NDEZ\u00bb title_font_size=\u00bb16px\u00bb title_line_height=\u00bb18px\u00bb title_margin_b=\u00bb10px\u00bb text_color_custom=\u00bb#1e73be\u00bb text_font_size=\u00bb12px\u00bb text_line_height=\u00bb16px\u00bb text_margin_b=\u00bb0px\u00bb]Coordinadora Acad\u00e9mica[\/stm_text_box][stm_teacher_contact_details teacher_email=\u00bbyesmin.gonzalez.me@ismsancarlos.cl\u00bb css=\u00bb.vc_custom_1713893634387{margin-top: 0px !important;padding-top: 0px !important;padding-right: 20px !important;padding-left: 20px !important;}\u00bb][vc_separator][stm_single_image img_responsive_enable=\u00bbtrue\u00bb img_id=\u00bb15321&#8243; img_size=\u00bbfull\u00bb css=\u00bb.vc_custom_1747054995469{margin-bottom: 10px !important;}\u00bb][stm_text_box title_tag=\u00bbh6&#8243; text_color=\u00bbcustom\u00bb stm_bg_color=\u00bbcustom\u00bb css=\u00bb.vc_custom_1747054980328{margin-bottom: 0px !important;padding-top: 20px !important;padding-right: 20px !important;padding-bottom: 0px !important;padding-left: 20px !important;}\u00bb title=\u00bbMARCELA CONTRERAS FUENTES\u00bb title_font_size=\u00bb16px\u00bb title_line_height=\u00bb18px\u00bb title_margin_b=\u00bb10px\u00bb text_color_custom=\u00bb#1e73be\u00bb text_font_size=\u00bb12px\u00bb text_line_height=\u00bb16px\u00bb text_margin_b=\u00bb0px\u00bb]Apoyo Coordinaci\u00f3n Acad\u00e9mica[\/stm_text_box][stm_teacher_contact_details teacher_email=\u00bbmarcela.contreras.fu@ismsancarlos.cl\u00bb css=\u00bb.vc_custom_1747054949379{margin-top: 0px !important;padding-top: 0px !important;padding-right: 20px !important;padding-left: 20px !important;}\u00bb][\/vc_column][\/vc_row][vc_row full_width=\u00bbstretch_row\u00bb css=\u00bb.vc_custom_1616440306170{background-color: #ffffff !important;}\u00bb][vc_column][vc_tta_tabs stm_tabs_style=\u00bbstyle-3&#8243; style=\u00bbflat\u00bb shape=\u00bbsquare\u00bb color=\u00bbblue\u00bb alignment=\u00bbcenter\u00bb active_section=\u00bb1&#8243; no_fill_content_area=\u00bbtrue\u00bb title=\u00bbEquipo\u00bb][vc_tta_section tab_id=\u00bb1614310271630-4224838c-b589&#8243;][vc_row_inner][vc_column_inner width=\u00bb1\/4&#8243;][stm_single_image img_id=\u00bb15383&#8243;][stm_text_box title_tag=\u00bbh6&#8243; text_color=\u00bbcustom\u00bb stm_bg_color=\u00bbcustom\u00bb stm_bg_color_custom=\u00bb#ffffff\u00bb css=\u00bb.vc_custom_1747065154167{margin-bottom: 0px !important;padding-top: 20px !important;padding-right: 20px !important;padding-bottom: 0px !important;padding-left: 20px !important;}\u00bb title=\u00bbELIANA ORTEGA SAN MARTIN\u00bb title_font_size=\u00bb16px\u00bb title_line_height=\u00bb18px\u00bb title_margin_b=\u00bb10px\u00bb text_color_custom=\u00bb#1e73be\u00bb text_font_size=\u00bb12px\u00bb text_line_height=\u00bb16px\u00bb text_margin_b=\u00bb0px\u00bb]Coordinadora de Ciclo y\u00a0Pedag\u00f3gica Ciclo Inicial[\/stm_text_box][stm_teacher_contact_details teacher_email=\u00bbeliana.ortega.sa@ismsancarlos.cl\u00bb css=\u00bb.vc_custom_1713893794404{margin-top: 0px !important;padding-top: 0px !important;padding-right: 20px !important;padding-left: 20px !important;}\u00bb][\/vc_column_inner][vc_column_inner width=\u00bb1\/4&#8243;][stm_single_image img_responsive_enable=\u00bbtrue\u00bb img_id=\u00bb15386&#8243;][stm_text_box title_tag=\u00bbh6&#8243; text_color=\u00bbcustom\u00bb stm_bg_color=\u00bbcustom\u00bb stm_bg_color_custom=\u00bb#ffffff\u00bb css=\u00bb.vc_custom_1747065172577{margin-bottom: 0px !important;padding-top: 20px !important;padding-right: 20px !important;padding-bottom: 0px !important;padding-left: 20px !important;}\u00bb title=\u00bbELIZABETH JARA URRA\u00bb title_font_size=\u00bb16px\u00bb title_line_height=\u00bb18px\u00bb title_margin_b=\u00bb10px\u00bb text_color_custom=\u00bb#1e73be\u00bb text_font_size=\u00bb12px\u00bb text_line_height=\u00bb16px\u00bb text_margin_b=\u00bb0px\u00bb]Coordinadora de Ciclo y\u00a0Pedag\u00f3gica I Ciclo[\/stm_text_box][stm_teacher_contact_details teacher_email=\u00bbelizabeth.jara.ur@ismsancarlos.cl\u00bb css=\u00bb.vc_custom_1713893966959{margin-top: 0px !important;padding-top: 0px !important;padding-right: 20px !important;padding-left: 20px !important;}\u00bb][\/vc_column_inner][vc_column_inner width=\u00bb1\/4&#8243;][stm_single_image img_responsive_enable=\u00bbtrue\u00bb img_id=\u00bb15385&#8243;][stm_text_box title_tag=\u00bbh6&#8243; text_color=\u00bbcustom\u00bb stm_bg_color=\u00bbcustom\u00bb stm_bg_color_custom=\u00bb#ffffff\u00bb css=\u00bb.vc_custom_1713894009098{margin-bottom: 0px !important;padding-top: 20px !important;padding-right: 20px !important;padding-bottom: 0px !important;padding-left: 20px !important;}\u00bb title=\u00bbSUSANA MEDINA HERRERA\u00bb title_font_size=\u00bb16px\u00bb title_line_height=\u00bb18px\u00bb title_margin_b=\u00bb10px\u00bb text_color_custom=\u00bb#1e73be\u00bb text_font_size=\u00bb12px\u00bb text_line_height=\u00bb16px\u00bb text_margin_b=\u00bb0px\u00bb]Coordinadora Extraescolar[\/stm_text_box][stm_teacher_contact_details teacher_email=\u00bbsusana.medina.he@ismsancarlos.cl\u00bb css=\u00bb.vc_custom_1713894021732{margin-top: 0px !important;padding-top: 0px !important;padding-right: 20px !important;padding-left: 20px !important;}\u00bb][\/vc_column_inner][vc_column_inner width=\u00bb1\/4&#8243;][stm_single_image img_responsive_enable=\u00bbtrue\u00bb img_id=\u00bb15388&#8243;][stm_text_box title_tag=\u00bbh6&#8243; text_color=\u00bbcustom\u00bb stm_bg_color=\u00bbcustom\u00bb stm_bg_color_custom=\u00bb#ffffff\u00bb css=\u00bb.vc_custom_1713894066544{margin-bottom: 0px !important;padding-top: 20px !important;padding-right: 20px !important;padding-bottom: 0px !important;padding-left: 20px !important;}\u00bb title=\u00bbCARLOS BERGAZ CARRASCO\u00bb title_font_size=\u00bb16px\u00bb title_line_height=\u00bb18px\u00bb title_margin_b=\u00bb10px\u00bb text_color_custom=\u00bb#1e73be\u00bb text_font_size=\u00bb12px\u00bb text_line_height=\u00bb16px\u00bb text_margin_b=\u00bb0px\u00bb]Coordinador PIE[\/stm_text_box][stm_teacher_contact_details teacher_email=\u00bbcarlos.bergaz.ca@ismsancarlos.cl\u00bb css=\u00bb.vc_custom_1713894198213{margin-top: 0px !important;padding-top: 0px !important;padding-right: 20px !important;padding-left: 20px !important;}\u00bb][\/vc_column_inner][\/vc_row_inner][vc_row_inner][vc_column_inner width=\u00bb1\/4&#8243;][stm_single_image img_responsive_enable=\u00bbtrue\u00bb img_id=\u00bb14902&#8243;][stm_text_box title_tag=\u00bbh6&#8243; text_color=\u00bbcustom\u00bb stm_bg_color=\u00bbcustom\u00bb stm_bg_color_custom=\u00bb#ffffff\u00bb css=\u00bb.vc_custom_1773320457024{margin-bottom: 0px !important;padding-top: 20px !important;padding-right: 20px !important;padding-bottom: 0px !important;padding-left: 20px !important;}\u00bb title=\u00bbFELIPE SANDOVAL GUTIERREZ\u00bb title_font_size=\u00bb16px\u00bb title_line_height=\u00bb18px\u00bb title_margin_b=\u00bb10px\u00bb text_color_custom=\u00bb#1e73be\u00bb text_font_size=\u00bb12px\u00bb text_line_height=\u00bb16px\u00bb text_margin_b=\u00bb0px\u00bb]Coordinador Convivencia Educativa[\/stm_text_box][stm_teacher_contact_details teacher_email=\u00bbfelipe.sandoval.gu@ismsancarlos.cl\u00bb css=\u00bb.vc_custom_1713911909438{margin-top: 0px !important;padding-top: 0px !important;padding-right: 20px !important;padding-left: 20px !important;}\u00bb][\/vc_column_inner][vc_column_inner width=\u00bb1\/4&#8243;][stm_single_image img_responsive_enable=\u00bbtrue\u00bb img_id=\u00bb16437&#8243; img_size=\u00bb510&#215;310&#8243;][stm_text_box title_tag=\u00bbh6&#8243; text_color=\u00bbcustom\u00bb stm_bg_color=\u00bbcustom\u00bb stm_bg_color_custom=\u00bb#ffffff\u00bb css=\u00bb.vc_custom_1773320410485{margin-bottom: 0px !important;padding-top: 20px !important;padding-right: 20px !important;padding-bottom: 0px !important;padding-left: 20px !important;}\u00bb title=\u00bbROC\u00cdO NAVARRO M\u00c1RQUEZ\u00bb title_font_size=\u00bb16px\u00bb title_line_height=\u00bb18px\u00bb title_margin_b=\u00bb10px\u00bb text_color_custom=\u00bb#1e73be\u00bb text_font_size=\u00bb12px\u00bb text_line_height=\u00bb16px\u00bb text_margin_b=\u00bb0px\u00bb]Coordinadora de Ciclo y Pedag\u00f3gica Ciclo Inicial (S)[\/stm_text_box][stm_teacher_contact_details teacher_email=\u00bbrocio.navarro.ma@ismsancarlos.cl\u00bb css=\u00bb.vc_custom_1773320510681{margin-top: 0px !important;padding-top: 0px !important;padding-right: 20px !important;padding-left: 20px !important;}\u00bb][\/vc_column_inner][\/vc_row_inner][\/vc_tta_section][\/vc_tta_tabs][\/vc_column][\/vc_row]<\/p>\n","protected":false},"excerpt":{"rendered":"<p>[vc_row][vc_column][stm_title sep_color=\u00bbcustom\u00bb page_title_enable=\u00bbtrue\u00bb sep_enable=\u00bbtrue\u00bb sep_color_custom=\u00bb#fad900&#8243;][\/stm_title][\/vc_column][\/vc_row][vc_row][vc_column width=\u00bb7\/12&#8243;][vc_column_text]Dentro de las funciones de la Coordinaci\u00f3n Pedag\u00f3gica esta el contribuir al mejoramiento de los procesos y pr\u00e1cticas pedag\u00f3gicas del establecimiento mediante el acompa\u00f1amiento a docentes, equipo t\u00e9cnico y coordinaciones de ciclos,\u00a0 desarrollando y fortaleciendo el accionar de los profesores en sus m\u00faltiples funciones, especialmente dentro del aula implementando metodolog\u00edas [&hellip;]<\/p>\n","protected":false},"author":1,"featured_media":0,"parent":0,"menu_order":0,"comment_status":"closed","ping_status":"closed","template":"","meta":{"_price":"","_stock":"","_tribe_ticket_header":"","_tribe_default_ticket_provider":"","_tribe_ticket_capacity":"0","_ticket_start_date":"","_ticket_end_date":"","_tribe_ticket_show_description":"","_tribe_ticket_show_not_going":false,"_tribe_ticket_use_global_stock":"","_tribe_ticket_global_stock_level":"","_global_stock_mode":"","_global_stock_cap":"","_tribe_rsvp_for_event":"","_tribe_ticket_going_count":"","_tribe_ticket_not_going_count":"","_tribe_tickets_list":"[]","_tribe_ticket_has_attendee_info_fields":false,"footnotes":"","_tec_slr_enabled":"","_tec_slr_layout":""},"class_list":["post-14170","page","type-page","status-publish","hentry"],"yoast_head":"<!-- This site is optimized with the Yoast SEO plugin v25.6 - https:\/\/yoast.com\/wordpress\/plugins\/seo\/ -->\n<title>Equipo T\u00e9cnico | Instituto Santa Mar\u00eda - San Carlos<\/title>\n<meta name=\"robots\" content=\"index, follow, max-snippet:-1, max-image-preview:large, max-video-preview:-1\" \/>\n<link rel=\"canonical\" href=\"https:\/\/ismsancarlos.cl\/site2\/equipo-tecni\/\" \/>\n<meta property=\"og:locale\" content=\"es_ES\" \/>\n<meta property=\"og:type\" content=\"article\" \/>\n<meta property=\"og:title\" content=\"Equipo T\u00e9cnico | Instituto Santa Mar\u00eda - San Carlos\" \/>\n<meta property=\"og:description\" content=\"[vc_row][vc_column][stm_title sep_color=\u00bbcustom\u00bb page_title_enable=\u00bbtrue\u00bb sep_enable=\u00bbtrue\u00bb sep_color_custom=\u00bb#fad900&#8243;][\/stm_title][\/vc_column][\/vc_row][vc_row][vc_column width=\u00bb7\/12&#8243;][vc_column_text]Dentro de las funciones de la Coordinaci\u00f3n Pedag\u00f3gica esta el contribuir al mejoramiento de los procesos y pr\u00e1cticas pedag\u00f3gicas del establecimiento mediante el acompa\u00f1amiento a docentes, equipo t\u00e9cnico y coordinaciones de ciclos,\u00a0 desarrollando y fortaleciendo el accionar de los profesores en sus m\u00faltiples funciones, especialmente dentro del aula implementando metodolog\u00edas [&hellip;]\" \/>\n<meta property=\"og:url\" content=\"https:\/\/ismsancarlos.cl\/site2\/equipo-tecni\/\" \/>\n<meta property=\"og:site_name\" content=\"Instituto Santa Mar\u00eda - San Carlos\" \/>\n<meta property=\"article:publisher\" content=\"https:\/\/www.facebook.com\/insamach\" \/>\n<meta property=\"article:modified_time\" content=\"2026-03-12T13:02:22+00:00\" \/>\n<meta name=\"twitter:card\" content=\"summary_large_image\" \/>\n<meta name=\"twitter:label1\" content=\"Tiempo de lectura\" \/>\n\t<meta name=\"twitter:data1\" content=\"4 minutos\" \/>\n<script type=\"application\/ld+json\" class=\"yoast-schema-graph\">{\"@context\":\"https:\/\/schema.org\",\"@graph\":[{\"@type\":\"WebPage\",\"@id\":\"https:\/\/ismsancarlos.cl\/site2\/equipo-tecni\/\",\"url\":\"https:\/\/ismsancarlos.cl\/site2\/equipo-tecni\/\",\"name\":\"Equipo T\u00e9cnico | Instituto Santa Mar\u00eda - San Carlos\",\"isPartOf\":{\"@id\":\"https:\/\/ismsancarlos.cl\/site2\/#website\"},\"datePublished\":\"2024-04-23T17:53:14+00:00\",\"dateModified\":\"2026-03-12T13:02:22+00:00\",\"breadcrumb\":{\"@id\":\"https:\/\/ismsancarlos.cl\/site2\/equipo-tecni\/#breadcrumb\"},\"inLanguage\":\"es\",\"potentialAction\":[{\"@type\":\"ReadAction\",\"target\":[\"https:\/\/ismsancarlos.cl\/site2\/equipo-tecni\/\"]}]},{\"@type\":\"BreadcrumbList\",\"@id\":\"https:\/\/ismsancarlos.cl\/site2\/equipo-tecni\/#breadcrumb\",\"itemListElement\":[{\"@type\":\"ListItem\",\"position\":1,\"name\":\"Portada\",\"item\":\"https:\/\/ismsancarlos.cl\/site2\/\"},{\"@type\":\"ListItem\",\"position\":2,\"name\":\"Equipo T\u00e9cnico\"}]},{\"@type\":\"WebSite\",\"@id\":\"https:\/\/ismsancarlos.cl\/site2\/#website\",\"url\":\"https:\/\/ismsancarlos.cl\/site2\/\",\"name\":\"Instituto Santa Mar\u00eda - San Carlos\",\"description\":\"&quot;Aprender m\u00e1s para servir mejor&quot;\",\"publisher\":{\"@id\":\"https:\/\/ismsancarlos.cl\/site2\/#organization\"},\"potentialAction\":[{\"@type\":\"SearchAction\",\"target\":{\"@type\":\"EntryPoint\",\"urlTemplate\":\"https:\/\/ismsancarlos.cl\/site2\/?s={search_term_string}\"},\"query-input\":{\"@type\":\"PropertyValueSpecification\",\"valueRequired\":true,\"valueName\":\"search_term_string\"}}],\"inLanguage\":\"es\"},{\"@type\":\"Organization\",\"@id\":\"https:\/\/ismsancarlos.cl\/site2\/#organization\",\"name\":\"Instituto Santa Mar\u00eda Chill\u00e1n\",\"url\":\"https:\/\/ismsancarlos.cl\/site2\/\",\"logo\":{\"@type\":\"ImageObject\",\"inLanguage\":\"es\",\"@id\":\"https:\/\/ismsancarlos.cl\/site2\/#\/schema\/logo\/image\/\",\"url\":\"https:\/\/ismchillan.cl\/site\/wp-content\/uploads\/2021\/02\/logo-ISM-Chillan.png\",\"contentUrl\":\"https:\/\/ismchillan.cl\/site\/wp-content\/uploads\/2021\/02\/logo-ISM-Chillan.png\",\"width\":746,\"height\":228,\"caption\":\"Instituto Santa Mar\u00eda Chill\u00e1n\"},\"image\":{\"@id\":\"https:\/\/ismsancarlos.cl\/site2\/#\/schema\/logo\/image\/\"},\"sameAs\":[\"https:\/\/www.facebook.com\/insamach\",\"https:\/\/www.instagram.com\/ism_chillan\/?hl=es-la\",\"https:\/\/www.youtube.com\/channel\/UCU8IW1d8akOJJTePPCCMjjA\"]}]}<\/script>\n<!-- \/ Yoast SEO plugin. -->","yoast_head_json":{"title":"Equipo T\u00e9cnico | Instituto Santa Mar\u00eda - San Carlos","robots":{"index":"index","follow":"follow","max-snippet":"max-snippet:-1","max-image-preview":"max-image-preview:large","max-video-preview":"max-video-preview:-1"},"canonical":"https:\/\/ismsancarlos.cl\/site2\/equipo-tecni\/","og_locale":"es_ES","og_type":"article","og_title":"Equipo T\u00e9cnico | Instituto Santa Mar\u00eda - San Carlos","og_description":"[vc_row][vc_column][stm_title sep_color=\u00bbcustom\u00bb page_title_enable=\u00bbtrue\u00bb sep_enable=\u00bbtrue\u00bb sep_color_custom=\u00bb#fad900&#8243;][\/stm_title][\/vc_column][\/vc_row][vc_row][vc_column width=\u00bb7\/12&#8243;][vc_column_text]Dentro de las funciones de la Coordinaci\u00f3n Pedag\u00f3gica esta el contribuir al mejoramiento de los procesos y pr\u00e1cticas pedag\u00f3gicas del establecimiento mediante el acompa\u00f1amiento a docentes, equipo t\u00e9cnico y coordinaciones de ciclos,\u00a0 desarrollando y fortaleciendo el accionar de los profesores en sus m\u00faltiples funciones, especialmente dentro del aula implementando metodolog\u00edas [&hellip;]","og_url":"https:\/\/ismsancarlos.cl\/site2\/equipo-tecni\/","og_site_name":"Instituto Santa Mar\u00eda - San Carlos","article_publisher":"https:\/\/www.facebook.com\/insamach","article_modified_time":"2026-03-12T13:02:22+00:00","twitter_card":"summary_large_image","twitter_misc":{"Tiempo de lectura":"4 minutos"},"schema":{"@context":"https:\/\/schema.org","@graph":[{"@type":"WebPage","@id":"https:\/\/ismsancarlos.cl\/site2\/equipo-tecni\/","url":"https:\/\/ismsancarlos.cl\/site2\/equipo-tecni\/","name":"Equipo T\u00e9cnico | Instituto Santa Mar\u00eda - San Carlos","isPartOf":{"@id":"https:\/\/ismsancarlos.cl\/site2\/#website"},"datePublished":"2024-04-23T17:53:14+00:00","dateModified":"2026-03-12T13:02:22+00:00","breadcrumb":{"@id":"https:\/\/ismsancarlos.cl\/site2\/equipo-tecni\/#breadcrumb"},"inLanguage":"es","potentialAction":[{"@type":"ReadAction","target":["https:\/\/ismsancarlos.cl\/site2\/equipo-tecni\/"]}]},{"@type":"BreadcrumbList","@id":"https:\/\/ismsancarlos.cl\/site2\/equipo-tecni\/#breadcrumb","itemListElement":[{"@type":"ListItem","position":1,"name":"Portada","item":"https:\/\/ismsancarlos.cl\/site2\/"},{"@type":"ListItem","position":2,"name":"Equipo T\u00e9cnico"}]},{"@type":"WebSite","@id":"https:\/\/ismsancarlos.cl\/site2\/#website","url":"https:\/\/ismsancarlos.cl\/site2\/","name":"Instituto Santa Mar\u00eda - San Carlos","description":"&quot;Aprender m\u00e1s para servir mejor&quot;","publisher":{"@id":"https:\/\/ismsancarlos.cl\/site2\/#organization"},"potentialAction":[{"@type":"SearchAction","target":{"@type":"EntryPoint","urlTemplate":"https:\/\/ismsancarlos.cl\/site2\/?s={search_term_string}"},"query-input":{"@type":"PropertyValueSpecification","valueRequired":true,"valueName":"search_term_string"}}],"inLanguage":"es"},{"@type":"Organization","@id":"https:\/\/ismsancarlos.cl\/site2\/#organization","name":"Instituto Santa Mar\u00eda Chill\u00e1n","url":"https:\/\/ismsancarlos.cl\/site2\/","logo":{"@type":"ImageObject","inLanguage":"es","@id":"https:\/\/ismsancarlos.cl\/site2\/#\/schema\/logo\/image\/","url":"https:\/\/ismchillan.cl\/site\/wp-content\/uploads\/2021\/02\/logo-ISM-Chillan.png","contentUrl":"https:\/\/ismchillan.cl\/site\/wp-content\/uploads\/2021\/02\/logo-ISM-Chillan.png","width":746,"height":228,"caption":"Instituto Santa Mar\u00eda Chill\u00e1n"},"image":{"@id":"https:\/\/ismsancarlos.cl\/site2\/#\/schema\/logo\/image\/"},"sameAs":["https:\/\/www.facebook.com\/insamach","https:\/\/www.instagram.com\/ism_chillan\/?hl=es-la","https:\/\/www.youtube.com\/channel\/UCU8IW1d8akOJJTePPCCMjjA"]}]}},"ticketed":false,"_links":{"self":[{"href":"https:\/\/ismsancarlos.cl\/site2\/wp-json\/wp\/v2\/pages\/14170","targetHints":{"allow":["GET"]}}],"collection":[{"href":"https:\/\/ismsancarlos.cl\/site2\/wp-json\/wp\/v2\/pages"}],"about":[{"href":"https:\/\/ismsancarlos.cl\/site2\/wp-json\/wp\/v2\/types\/page"}],"author":[{"embeddable":true,"href":"https:\/\/ismsancarlos.cl\/site2\/wp-json\/wp\/v2\/users\/1"}],"replies":[{"embeddable":true,"href":"https:\/\/ismsancarlos.cl\/site2\/wp-json\/wp\/v2\/comments?post=14170"}],"version-history":[{"count":21,"href":"https:\/\/ismsancarlos.cl\/site2\/wp-json\/wp\/v2\/pages\/14170\/revisions"}],"predecessor-version":[{"id":16439,"href":"https:\/\/ismsancarlos.cl\/site2\/wp-json\/wp\/v2\/pages\/14170\/revisions\/16439"}],"wp:attachment":[{"href":"https:\/\/ismsancarlos.cl\/site2\/wp-json\/wp\/v2\/media?parent=14170"}],"curies":[{"name":"wp","href":"https:\/\/api.w.org\/{rel}","templated":true}]}}