{"id":14062,"date":"2024-04-02T15:48:56","date_gmt":"2024-04-02T18:48:56","guid":{"rendered":"https:\/\/ismsancarlos.cl\/site2\/?page_id=14062"},"modified":"2025-05-14T12:44:00","modified_gmt":"2025-05-14T15:44:00","slug":"jpic","status":"publish","type":"page","link":"https:\/\/ismsancarlos.cl\/site2\/jpic\/","title":{"rendered":"JPIC"},"content":{"rendered":"<p>[vc_row][vc_column][stm_title sep_color=\u00bbcustom\u00bb sep_enable=\u00bbtrue\u00bb sep_color_custom=\u00bb#fad900&#8243; title=\u00bbJusticia \u2013 Paz e Integridad de la Creaci\u00f3n.\u00bb][\/stm_title][\/vc_column][\/vc_row][vc_row][vc_column width=\u00bb7\/12&#8243;][vc_column_text]Como colaboradores en la misi\u00f3n que nos ha heredado Mary Ward, nos proponemos promover la Justicia, la Paz y la Integridad de la Creaci\u00f3n (JPIC) de acuerdo con el carisma del Alma Justa y sus virtudes definitorias de libertad, justicia, verdad y alegr\u00eda que hablan con tanta fuerza de los principios que nos mueven en el cuidado de la Creaci\u00f3n y de su naturaleza integral en todos los aspectos de la misi\u00f3n y el ministerio.[\/vc_column_text][\/vc_column][vc_column width=\u00bb5\/12&#8243;][stm_single_image img_alignment=\u00bbcenter\u00bb img_id=\u00bb14917&#8243;][stm_text_box title_tag=\u00bbh6&#8243; text_color=\u00bbcustom\u00bb stm_bg_color=\u00bbcustom\u00bb title=\u00bbBel\u00e9n Sep\u00falveda Caro\u00bb title_font_size=\u00bb16px\u00bb title_line_height=\u00bb18px\u00bb title_margin_b=\u00bb10px\u00bb text_font_size=\u00bb12px\u00bb text_line_height=\u00bb16px\u00bb text_margin_b=\u00bb0&#8243; css=\u00bb.vc_custom_1712168057233{padding-top: 20px !important;padding-right: 20px !important;padding-bottom: 0px !important;padding-left: 20px !important;}\u00bb text_color_custom=\u00bb#111111&#8243;]Coordinadora JPIC[\/stm_text_box][stm_teacher_contact_details teacher_email=\u00bbbelen.sepulveda.ca@ismsancarlos.cl\u00bb][\/vc_column][\/vc_row][vc_row full_width=\u00bbstretch_row\u00bb css=\u00bb.vc_custom_1648209968833{background-color: #ffffff !important;}\u00bb][vc_column][stm_spacing lg_spacing=\u00bb40px\u00bb][\/vc_column][\/vc_row][vc_row][vc_column][vc_column_text]<img loading=\"lazy\" decoding=\"async\" class=\"aligncenter size-full wp-image-14075\" src=\"https:\/\/ismsancarlos.cl\/site2\/wp-content\/uploads\/2024\/04\/Que-es-la-JPIC_page-0001-scaled.jpg\" alt=\"\" width=\"1024\" height=\"2560\" srcset=\"https:\/\/ismsancarlos.cl\/site2\/wp-content\/uploads\/2024\/04\/Que-es-la-JPIC_page-0001-scaled.jpg 1024w, https:\/\/ismsancarlos.cl\/site2\/wp-content\/uploads\/2024\/04\/Que-es-la-JPIC_page-0001-120x300.jpg 120w, https:\/\/ismsancarlos.cl\/site2\/wp-content\/uploads\/2024\/04\/Que-es-la-JPIC_page-0001-410x1024.jpg 410w, https:\/\/ismsancarlos.cl\/site2\/wp-content\/uploads\/2024\/04\/Que-es-la-JPIC_page-0001-768x1920.jpg 768w, https:\/\/ismsancarlos.cl\/site2\/wp-content\/uploads\/2024\/04\/Que-es-la-JPIC_page-0001-614x1536.jpg 614w, https:\/\/ismsancarlos.cl\/site2\/wp-content\/uploads\/2024\/04\/Que-es-la-JPIC_page-0001-819x2048.jpg 819w\" sizes=\"auto, (max-width: 1024px) 100vw, 1024px\" \/>[\/vc_column_text][\/vc_column][\/vc_row][vc_row][vc_column][vc_btn title=\u00bbPara m\u00e1s informaci\u00f3n ingrese aqu\u00ed\u00bb color=\u00bbsuccess\u00bb link=\u00bburl:https%3A%2F%2Fismsancarlos.cl%2Fsite2%2Fwp-content%2Fuploads%2F2024%2F04%2FQue-es-la-JPIC-ampliado.pdf|target:_blank\u00bb][\/vc_column][\/vc_row]<\/p>\n","protected":false},"excerpt":{"rendered":"<p>[vc_row][vc_column][stm_title sep_color=\u00bbcustom\u00bb sep_enable=\u00bbtrue\u00bb sep_color_custom=\u00bb#fad900&#8243; title=\u00bbJusticia \u2013 Paz e Integridad de la Creaci\u00f3n.\u00bb][\/stm_title][\/vc_column][\/vc_row][vc_row][vc_column width=\u00bb7\/12&#8243;][vc_column_text]Como colaboradores en la misi\u00f3n que nos ha heredado Mary Ward, nos proponemos promover la Justicia, la Paz y la Integridad de la Creaci\u00f3n (JPIC) de acuerdo con el carisma del Alma Justa y sus virtudes definitorias de libertad, justicia, verdad y alegr\u00eda [&hellip;]<\/p>\n","protected":false},"author":1,"featured_media":0,"parent":0,"menu_order":0,"comment_status":"closed","ping_status":"closed","template":"","meta":{"_price":"","_stock":"","_tribe_ticket_header":"","_tribe_default_ticket_provider":"","_tribe_ticket_capacity":"0","_ticket_start_date":"","_ticket_end_date":"","_tribe_ticket_show_description":"","_tribe_ticket_show_not_going":false,"_tribe_ticket_use_global_stock":"","_tribe_ticket_global_stock_level":"","_global_stock_mode":"","_global_stock_cap":"","_tribe_rsvp_for_event":"","_tribe_ticket_going_count":"","_tribe_ticket_not_going_count":"","_tribe_tickets_list":"[]","_tribe_ticket_has_attendee_info_fields":false,"footnotes":"","_tec_slr_enabled":"","_tec_slr_layout":""},"class_list":["post-14062","page","type-page","status-publish","hentry"],"yoast_head":"<!-- This site is optimized with the Yoast SEO plugin v25.6 - https:\/\/yoast.com\/wordpress\/plugins\/seo\/ -->\n<title>JPIC | Instituto Santa Mar\u00eda - San Carlos<\/title>\n<meta name=\"robots\" content=\"index, follow, max-snippet:-1, max-image-preview:large, max-video-preview:-1\" \/>\n<link rel=\"canonical\" href=\"https:\/\/ismsancarlos.cl\/site2\/jpic\/\" \/>\n<meta property=\"og:locale\" content=\"es_ES\" \/>\n<meta property=\"og:type\" content=\"article\" \/>\n<meta property=\"og:title\" content=\"JPIC | Instituto Santa Mar\u00eda - San Carlos\" \/>\n<meta property=\"og:description\" content=\"[vc_row][vc_column][stm_title sep_color=\u00bbcustom\u00bb sep_enable=\u00bbtrue\u00bb sep_color_custom=\u00bb#fad900&#8243; title=\u00bbJusticia \u2013 Paz e Integridad de la Creaci\u00f3n.\u00bb][\/stm_title][\/vc_column][\/vc_row][vc_row][vc_column width=\u00bb7\/12&#8243;][vc_column_text]Como colaboradores en la misi\u00f3n que nos ha heredado Mary Ward, nos proponemos promover la Justicia, la Paz y la Integridad de la Creaci\u00f3n (JPIC) de acuerdo con el carisma del Alma Justa y sus virtudes definitorias de libertad, justicia, verdad y alegr\u00eda [&hellip;]\" \/>\n<meta property=\"og:url\" content=\"https:\/\/ismsancarlos.cl\/site2\/jpic\/\" \/>\n<meta property=\"og:site_name\" content=\"Instituto Santa Mar\u00eda - San Carlos\" \/>\n<meta property=\"article:publisher\" content=\"https:\/\/www.facebook.com\/insamach\" \/>\n<meta property=\"article:modified_time\" content=\"2025-05-14T15:44:00+00:00\" \/>\n<meta property=\"og:image\" content=\"https:\/\/ismsancarlos.cl\/site2\/wp-content\/uploads\/2024\/04\/Que-es-la-JPIC_page-0001-scaled.jpg\" \/>\n<meta name=\"twitter:card\" content=\"summary_large_image\" \/>\n<meta name=\"twitter:label1\" content=\"Tiempo de lectura\" \/>\n\t<meta name=\"twitter:data1\" content=\"1 minuto\" \/>\n<script type=\"application\/ld+json\" class=\"yoast-schema-graph\">{\"@context\":\"https:\/\/schema.org\",\"@graph\":[{\"@type\":\"WebPage\",\"@id\":\"https:\/\/ismsancarlos.cl\/site2\/jpic\/\",\"url\":\"https:\/\/ismsancarlos.cl\/site2\/jpic\/\",\"name\":\"JPIC | Instituto Santa Mar\u00eda - San Carlos\",\"isPartOf\":{\"@id\":\"https:\/\/ismsancarlos.cl\/site2\/#website\"},\"primaryImageOfPage\":{\"@id\":\"https:\/\/ismsancarlos.cl\/site2\/jpic\/#primaryimage\"},\"image\":{\"@id\":\"https:\/\/ismsancarlos.cl\/site2\/jpic\/#primaryimage\"},\"thumbnailUrl\":\"https:\/\/ismsancarlos.cl\/site2\/wp-content\/uploads\/2024\/04\/Que-es-la-JPIC_page-0001-scaled.jpg\",\"datePublished\":\"2024-04-02T18:48:56+00:00\",\"dateModified\":\"2025-05-14T15:44:00+00:00\",\"breadcrumb\":{\"@id\":\"https:\/\/ismsancarlos.cl\/site2\/jpic\/#breadcrumb\"},\"inLanguage\":\"es\",\"potentialAction\":[{\"@type\":\"ReadAction\",\"target\":[\"https:\/\/ismsancarlos.cl\/site2\/jpic\/\"]}]},{\"@type\":\"ImageObject\",\"inLanguage\":\"es\",\"@id\":\"https:\/\/ismsancarlos.cl\/site2\/jpic\/#primaryimage\",\"url\":\"https:\/\/ismsancarlos.cl\/site2\/wp-content\/uploads\/2024\/04\/Que-es-la-JPIC_page-0001-scaled.jpg\",\"contentUrl\":\"https:\/\/ismsancarlos.cl\/site2\/wp-content\/uploads\/2024\/04\/Que-es-la-JPIC_page-0001-scaled.jpg\",\"width\":1024,\"height\":2560},{\"@type\":\"BreadcrumbList\",\"@id\":\"https:\/\/ismsancarlos.cl\/site2\/jpic\/#breadcrumb\",\"itemListElement\":[{\"@type\":\"ListItem\",\"position\":1,\"name\":\"Portada\",\"item\":\"https:\/\/ismsancarlos.cl\/site2\/\"},{\"@type\":\"ListItem\",\"position\":2,\"name\":\"JPIC\"}]},{\"@type\":\"WebSite\",\"@id\":\"https:\/\/ismsancarlos.cl\/site2\/#website\",\"url\":\"https:\/\/ismsancarlos.cl\/site2\/\",\"name\":\"Instituto Santa Mar\u00eda - San Carlos\",\"description\":\"&quot;Aprender m\u00e1s para servir mejor&quot;\",\"publisher\":{\"@id\":\"https:\/\/ismsancarlos.cl\/site2\/#organization\"},\"potentialAction\":[{\"@type\":\"SearchAction\",\"target\":{\"@type\":\"EntryPoint\",\"urlTemplate\":\"https:\/\/ismsancarlos.cl\/site2\/?s={search_term_string}\"},\"query-input\":{\"@type\":\"PropertyValueSpecification\",\"valueRequired\":true,\"valueName\":\"search_term_string\"}}],\"inLanguage\":\"es\"},{\"@type\":\"Organization\",\"@id\":\"https:\/\/ismsancarlos.cl\/site2\/#organization\",\"name\":\"Instituto Santa Mar\u00eda Chill\u00e1n\",\"url\":\"https:\/\/ismsancarlos.cl\/site2\/\",\"logo\":{\"@type\":\"ImageObject\",\"inLanguage\":\"es\",\"@id\":\"https:\/\/ismsancarlos.cl\/site2\/#\/schema\/logo\/image\/\",\"url\":\"https:\/\/ismchillan.cl\/site\/wp-content\/uploads\/2021\/02\/logo-ISM-Chillan.png\",\"contentUrl\":\"https:\/\/ismchillan.cl\/site\/wp-content\/uploads\/2021\/02\/logo-ISM-Chillan.png\",\"width\":746,\"height\":228,\"caption\":\"Instituto Santa Mar\u00eda Chill\u00e1n\"},\"image\":{\"@id\":\"https:\/\/ismsancarlos.cl\/site2\/#\/schema\/logo\/image\/\"},\"sameAs\":[\"https:\/\/www.facebook.com\/insamach\",\"https:\/\/www.instagram.com\/ism_chillan\/?hl=es-la\",\"https:\/\/www.youtube.com\/channel\/UCU8IW1d8akOJJTePPCCMjjA\"]}]}<\/script>\n<!-- \/ Yoast SEO plugin. -->","yoast_head_json":{"title":"JPIC | Instituto Santa Mar\u00eda - San Carlos","robots":{"index":"index","follow":"follow","max-snippet":"max-snippet:-1","max-image-preview":"max-image-preview:large","max-video-preview":"max-video-preview:-1"},"canonical":"https:\/\/ismsancarlos.cl\/site2\/jpic\/","og_locale":"es_ES","og_type":"article","og_title":"JPIC | Instituto Santa Mar\u00eda - San Carlos","og_description":"[vc_row][vc_column][stm_title sep_color=\u00bbcustom\u00bb sep_enable=\u00bbtrue\u00bb sep_color_custom=\u00bb#fad900&#8243; title=\u00bbJusticia \u2013 Paz e Integridad de la Creaci\u00f3n.\u00bb][\/stm_title][\/vc_column][\/vc_row][vc_row][vc_column width=\u00bb7\/12&#8243;][vc_column_text]Como colaboradores en la misi\u00f3n que nos ha heredado Mary Ward, nos proponemos promover la Justicia, la Paz y la Integridad de la Creaci\u00f3n (JPIC) de acuerdo con el carisma del Alma Justa y sus virtudes definitorias de libertad, justicia, verdad y alegr\u00eda [&hellip;]","og_url":"https:\/\/ismsancarlos.cl\/site2\/jpic\/","og_site_name":"Instituto Santa Mar\u00eda - San Carlos","article_publisher":"https:\/\/www.facebook.com\/insamach","article_modified_time":"2025-05-14T15:44:00+00:00","og_image":[{"url":"https:\/\/ismsancarlos.cl\/site2\/wp-content\/uploads\/2024\/04\/Que-es-la-JPIC_page-0001-scaled.jpg","type":"","width":"","height":""}],"twitter_card":"summary_large_image","twitter_misc":{"Tiempo de lectura":"1 minuto"},"schema":{"@context":"https:\/\/schema.org","@graph":[{"@type":"WebPage","@id":"https:\/\/ismsancarlos.cl\/site2\/jpic\/","url":"https:\/\/ismsancarlos.cl\/site2\/jpic\/","name":"JPIC | Instituto Santa Mar\u00eda - San Carlos","isPartOf":{"@id":"https:\/\/ismsancarlos.cl\/site2\/#website"},"primaryImageOfPage":{"@id":"https:\/\/ismsancarlos.cl\/site2\/jpic\/#primaryimage"},"image":{"@id":"https:\/\/ismsancarlos.cl\/site2\/jpic\/#primaryimage"},"thumbnailUrl":"https:\/\/ismsancarlos.cl\/site2\/wp-content\/uploads\/2024\/04\/Que-es-la-JPIC_page-0001-scaled.jpg","datePublished":"2024-04-02T18:48:56+00:00","dateModified":"2025-05-14T15:44:00+00:00","breadcrumb":{"@id":"https:\/\/ismsancarlos.cl\/site2\/jpic\/#breadcrumb"},"inLanguage":"es","potentialAction":[{"@type":"ReadAction","target":["https:\/\/ismsancarlos.cl\/site2\/jpic\/"]}]},{"@type":"ImageObject","inLanguage":"es","@id":"https:\/\/ismsancarlos.cl\/site2\/jpic\/#primaryimage","url":"https:\/\/ismsancarlos.cl\/site2\/wp-content\/uploads\/2024\/04\/Que-es-la-JPIC_page-0001-scaled.jpg","contentUrl":"https:\/\/ismsancarlos.cl\/site2\/wp-content\/uploads\/2024\/04\/Que-es-la-JPIC_page-0001-scaled.jpg","width":1024,"height":2560},{"@type":"BreadcrumbList","@id":"https:\/\/ismsancarlos.cl\/site2\/jpic\/#breadcrumb","itemListElement":[{"@type":"ListItem","position":1,"name":"Portada","item":"https:\/\/ismsancarlos.cl\/site2\/"},{"@type":"ListItem","position":2,"name":"JPIC"}]},{"@type":"WebSite","@id":"https:\/\/ismsancarlos.cl\/site2\/#website","url":"https:\/\/ismsancarlos.cl\/site2\/","name":"Instituto Santa Mar\u00eda - San Carlos","description":"&quot;Aprender m\u00e1s para servir mejor&quot;","publisher":{"@id":"https:\/\/ismsancarlos.cl\/site2\/#organization"},"potentialAction":[{"@type":"SearchAction","target":{"@type":"EntryPoint","urlTemplate":"https:\/\/ismsancarlos.cl\/site2\/?s={search_term_string}"},"query-input":{"@type":"PropertyValueSpecification","valueRequired":true,"valueName":"search_term_string"}}],"inLanguage":"es"},{"@type":"Organization","@id":"https:\/\/ismsancarlos.cl\/site2\/#organization","name":"Instituto Santa Mar\u00eda Chill\u00e1n","url":"https:\/\/ismsancarlos.cl\/site2\/","logo":{"@type":"ImageObject","inLanguage":"es","@id":"https:\/\/ismsancarlos.cl\/site2\/#\/schema\/logo\/image\/","url":"https:\/\/ismchillan.cl\/site\/wp-content\/uploads\/2021\/02\/logo-ISM-Chillan.png","contentUrl":"https:\/\/ismchillan.cl\/site\/wp-content\/uploads\/2021\/02\/logo-ISM-Chillan.png","width":746,"height":228,"caption":"Instituto Santa Mar\u00eda Chill\u00e1n"},"image":{"@id":"https:\/\/ismsancarlos.cl\/site2\/#\/schema\/logo\/image\/"},"sameAs":["https:\/\/www.facebook.com\/insamach","https:\/\/www.instagram.com\/ism_chillan\/?hl=es-la","https:\/\/www.youtube.com\/channel\/UCU8IW1d8akOJJTePPCCMjjA"]}]}},"ticketed":false,"_links":{"self":[{"href":"https:\/\/ismsancarlos.cl\/site2\/wp-json\/wp\/v2\/pages\/14062","targetHints":{"allow":["GET"]}}],"collection":[{"href":"https:\/\/ismsancarlos.cl\/site2\/wp-json\/wp\/v2\/pages"}],"about":[{"href":"https:\/\/ismsancarlos.cl\/site2\/wp-json\/wp\/v2\/types\/page"}],"author":[{"embeddable":true,"href":"https:\/\/ismsancarlos.cl\/site2\/wp-json\/wp\/v2\/users\/1"}],"replies":[{"embeddable":true,"href":"https:\/\/ismsancarlos.cl\/site2\/wp-json\/wp\/v2\/comments?post=14062"}],"version-history":[{"count":10,"href":"https:\/\/ismsancarlos.cl\/site2\/wp-json\/wp\/v2\/pages\/14062\/revisions"}],"predecessor-version":[{"id":15533,"href":"https:\/\/ismsancarlos.cl\/site2\/wp-json\/wp\/v2\/pages\/14062\/revisions\/15533"}],"wp:attachment":[{"href":"https:\/\/ismsancarlos.cl\/site2\/wp-json\/wp\/v2\/media?parent=14062"}],"curies":[{"name":"wp","href":"https:\/\/api.w.org\/{rel}","templated":true}]}}