{"id":14048,"date":"2024-04-02T14:53:26","date_gmt":"2024-04-02T17:53:26","guid":{"rendered":"https:\/\/ismsancarlos.cl\/site2\/?page_id=14048"},"modified":"2024-04-02T14:54:16","modified_gmt":"2024-04-02T17:54:16","slug":"carisma-y-espiritualidad","status":"publish","type":"page","link":"https:\/\/ismsancarlos.cl\/site2\/carisma-y-espiritualidad\/","title":{"rendered":"Carisma y Espiritualidad"},"content":{"rendered":"<p>[vc_row][vc_column][stm_title sep_color=\u00bbcustom\u00bb sep_enable=\u00bbtrue\u00bb sep_color_custom=\u00bb#fad900&#8243; title=\u00bbCarisma y Espiritualidad\u00bb][\/stm_title][\/vc_column][\/vc_row][vc_row][vc_column width=\u00bb7\/12&#8243;][vc_column_text]La espiritualidad consiste esencialmente en c\u00f3mo vemos, experimentamos y respondemos al mundo en el que vivimos, y a la presencia de Dios en \u00c9l. Cada congregaci\u00f3n religiosa tiene una espiritualidad que refleja la espiritualidad de su fundador o fundadora, y esto se conoce como su carisma.<\/p>\n<p>Mary Ward, una mujer unida con Dios, deseaba fundar una congregaci\u00f3n apost\u00f3lica siguiendo el modelo de los Jesuitas, es por eso que \u201cToma lo mismo de la Compa\u00f1\u00eda\u201d. Para los Jesuitas, y para nosotros, la experiencia clave es la de los Ejercicios Espirituales de San Ignacio.<\/p>\n<p>Estos Ejercicios Espirituales, uno de los textos espirituales de mayor influencia que se han escrito, son fruto de la experiencia espiritual del joven Ignacio de Loyola. Por medio de \u00e9ste, San Ignacio lleg\u00f3 a comprender que la experiencia de Dios\u2026se tiene que encontrar en las mociones interiores del Esp\u00edritu. Si aprendemos a escuchar y a sentir, con una atenci\u00f3n profunda, los deseos que Dios tiene para cada una de nosotros, podemos entrar en una relaci\u00f3n \u00fanica con nuestro Creador y as\u00ed, \u201cEncontrar a Dios en todas las cosas\u201d. Al mismo tiempo, la persona que hace los Ejercicios Espirituales con gran generosidad de coraz\u00f3n se sentir\u00e1 impulsada por el amor a ofrecerse al servicio de Dios en la misi\u00f3n. La Misi\u00f3n, el servicio a los dem\u00e1s, est\u00e1 en el coraz\u00f3n mismo de nuestra espiritualidad.<\/p>\n<p>Mary Ward se adentr\u00f3 en caminos desconocidos para las mujeres de su tiempo por su atenci\u00f3n a los movimientos del Esp\u00edritu y su experiencia de discernimiento del amor. Esperamos seguir sus pasos y de esta manera aspirar a \u00abencontrar a Dios en todas las cosas\u00bb o, como dijo Mary Ward, en otra de sus concepciones centrales conocida como el Alma Justa, \u00abreferirlo todo a Dios\u00bb.<\/p>\n<p>Mary, guiada por el Esp\u00edritu, cre\u00eda que las mujeres no deb\u00edan tener miedo de emprender nuevos caminos al servicio de la Iglesia, estar abiertas y dispuestas a responder a los signos de los tiempos all\u00ed donde la necesidad es mayor. El discernimiento de la mayor necesidad s\u00f3lo es posible donde hay amor atento, disponibilidad de esp\u00edritu y ausencia del miedo, cuyo miedo e intranquilidad, no viene de Dios.<\/p>\n<p>Las Constituciones de la Congregaci\u00f3n de Jes\u00fas son las mismas de la Compa\u00f1\u00eda de Jes\u00fas. En ellas los miembros de la Congregaci\u00f3n de Mary Ward encuentran fuerza interior y una comprensi\u00f3n de lo que significa estar centrados \u00fanicamente en el \u00abmayor honor y gloria de Dios\u00bb. Si vivimos los Ejercicios Espirituales y las Constituciones como los vivi\u00f3 nuestra fundadora, llegaremos a comprender lo que significa ser \u00abuna contemplativa en acci\u00f3n\u00bb lista para ser enviada a la misi\u00f3n universal.[\/vc_column_text][\/vc_column][vc_column width=\u00bb5\/12&#8243;][stm_single_image img_id=\u00bb14050&#8243;][\/vc_column][\/vc_row][vc_row full_width=\u00bbstretch_row\u00bb css=\u00bb.vc_custom_1648209968833{background-color: #ffffff !important;}\u00bb][vc_column][stm_spacing lg_spacing=\u00bb40px\u00bb][\/vc_column][\/vc_row]<\/p>\n","protected":false},"excerpt":{"rendered":"<p>[vc_row][vc_column][stm_title sep_color=\u00bbcustom\u00bb sep_enable=\u00bbtrue\u00bb sep_color_custom=\u00bb#fad900&#8243; title=\u00bbCarisma y Espiritualidad\u00bb][\/stm_title][\/vc_column][\/vc_row][vc_row][vc_column width=\u00bb7\/12&#8243;][vc_column_text]La espiritualidad consiste esencialmente en c\u00f3mo vemos, experimentamos y respondemos al mundo en el que vivimos, y a la presencia de Dios en \u00c9l. Cada congregaci\u00f3n religiosa tiene una espiritualidad que refleja la espiritualidad de su fundador o fundadora, y esto se conoce como su carisma. Mary Ward, [&hellip;]<\/p>\n","protected":false},"author":1,"featured_media":0,"parent":0,"menu_order":0,"comment_status":"closed","ping_status":"closed","template":"","meta":{"_price":"","_stock":"","_tribe_ticket_header":"","_tribe_default_ticket_provider":"","_tribe_ticket_capacity":"0","_ticket_start_date":"","_ticket_end_date":"","_tribe_ticket_show_description":"","_tribe_ticket_show_not_going":false,"_tribe_ticket_use_global_stock":"","_tribe_ticket_global_stock_level":"","_global_stock_mode":"","_global_stock_cap":"","_tribe_rsvp_for_event":"","_tribe_ticket_going_count":"","_tribe_ticket_not_going_count":"","_tribe_tickets_list":"[]","_tribe_ticket_has_attendee_info_fields":false,"footnotes":"","_tec_slr_enabled":"","_tec_slr_layout":""},"class_list":["post-14048","page","type-page","status-publish","hentry"],"yoast_head":"<!-- This site is optimized with the Yoast SEO plugin v25.6 - https:\/\/yoast.com\/wordpress\/plugins\/seo\/ -->\n<title>Carisma y Espiritualidad | Instituto Santa Mar\u00eda - San Carlos<\/title>\n<meta name=\"robots\" content=\"index, follow, max-snippet:-1, max-image-preview:large, max-video-preview:-1\" \/>\n<link rel=\"canonical\" href=\"https:\/\/ismsancarlos.cl\/site2\/carisma-y-espiritualidad\/\" \/>\n<meta property=\"og:locale\" content=\"es_ES\" \/>\n<meta property=\"og:type\" content=\"article\" \/>\n<meta property=\"og:title\" content=\"Carisma y Espiritualidad | Instituto Santa Mar\u00eda - San Carlos\" \/>\n<meta property=\"og:description\" content=\"[vc_row][vc_column][stm_title sep_color=\u00bbcustom\u00bb sep_enable=\u00bbtrue\u00bb sep_color_custom=\u00bb#fad900&#8243; title=\u00bbCarisma y Espiritualidad\u00bb][\/stm_title][\/vc_column][\/vc_row][vc_row][vc_column width=\u00bb7\/12&#8243;][vc_column_text]La espiritualidad consiste esencialmente en c\u00f3mo vemos, experimentamos y respondemos al mundo en el que vivimos, y a la presencia de Dios en \u00c9l. Cada congregaci\u00f3n religiosa tiene una espiritualidad que refleja la espiritualidad de su fundador o fundadora, y esto se conoce como su carisma. Mary Ward, [&hellip;]\" \/>\n<meta property=\"og:url\" content=\"https:\/\/ismsancarlos.cl\/site2\/carisma-y-espiritualidad\/\" \/>\n<meta property=\"og:site_name\" content=\"Instituto Santa Mar\u00eda - San Carlos\" \/>\n<meta property=\"article:publisher\" content=\"https:\/\/www.facebook.com\/insamach\" \/>\n<meta property=\"article:modified_time\" content=\"2024-04-02T17:54:16+00:00\" \/>\n<meta name=\"twitter:card\" content=\"summary_large_image\" \/>\n<meta name=\"twitter:label1\" content=\"Tiempo de lectura\" \/>\n\t<meta name=\"twitter:data1\" content=\"5 minutos\" \/>\n<script type=\"application\/ld+json\" class=\"yoast-schema-graph\">{\"@context\":\"https:\/\/schema.org\",\"@graph\":[{\"@type\":\"WebPage\",\"@id\":\"https:\/\/ismsancarlos.cl\/site2\/carisma-y-espiritualidad\/\",\"url\":\"https:\/\/ismsancarlos.cl\/site2\/carisma-y-espiritualidad\/\",\"name\":\"Carisma y Espiritualidad | Instituto Santa Mar\u00eda - San Carlos\",\"isPartOf\":{\"@id\":\"https:\/\/ismsancarlos.cl\/site2\/#website\"},\"datePublished\":\"2024-04-02T17:53:26+00:00\",\"dateModified\":\"2024-04-02T17:54:16+00:00\",\"breadcrumb\":{\"@id\":\"https:\/\/ismsancarlos.cl\/site2\/carisma-y-espiritualidad\/#breadcrumb\"},\"inLanguage\":\"es\",\"potentialAction\":[{\"@type\":\"ReadAction\",\"target\":[\"https:\/\/ismsancarlos.cl\/site2\/carisma-y-espiritualidad\/\"]}]},{\"@type\":\"BreadcrumbList\",\"@id\":\"https:\/\/ismsancarlos.cl\/site2\/carisma-y-espiritualidad\/#breadcrumb\",\"itemListElement\":[{\"@type\":\"ListItem\",\"position\":1,\"name\":\"Portada\",\"item\":\"https:\/\/ismsancarlos.cl\/site2\/\"},{\"@type\":\"ListItem\",\"position\":2,\"name\":\"Carisma y Espiritualidad\"}]},{\"@type\":\"WebSite\",\"@id\":\"https:\/\/ismsancarlos.cl\/site2\/#website\",\"url\":\"https:\/\/ismsancarlos.cl\/site2\/\",\"name\":\"Instituto Santa Mar\u00eda - San Carlos\",\"description\":\"&quot;Aprender m\u00e1s para servir mejor&quot;\",\"publisher\":{\"@id\":\"https:\/\/ismsancarlos.cl\/site2\/#organization\"},\"potentialAction\":[{\"@type\":\"SearchAction\",\"target\":{\"@type\":\"EntryPoint\",\"urlTemplate\":\"https:\/\/ismsancarlos.cl\/site2\/?s={search_term_string}\"},\"query-input\":{\"@type\":\"PropertyValueSpecification\",\"valueRequired\":true,\"valueName\":\"search_term_string\"}}],\"inLanguage\":\"es\"},{\"@type\":\"Organization\",\"@id\":\"https:\/\/ismsancarlos.cl\/site2\/#organization\",\"name\":\"Instituto Santa Mar\u00eda Chill\u00e1n\",\"url\":\"https:\/\/ismsancarlos.cl\/site2\/\",\"logo\":{\"@type\":\"ImageObject\",\"inLanguage\":\"es\",\"@id\":\"https:\/\/ismsancarlos.cl\/site2\/#\/schema\/logo\/image\/\",\"url\":\"https:\/\/ismchillan.cl\/site\/wp-content\/uploads\/2021\/02\/logo-ISM-Chillan.png\",\"contentUrl\":\"https:\/\/ismchillan.cl\/site\/wp-content\/uploads\/2021\/02\/logo-ISM-Chillan.png\",\"width\":746,\"height\":228,\"caption\":\"Instituto Santa Mar\u00eda Chill\u00e1n\"},\"image\":{\"@id\":\"https:\/\/ismsancarlos.cl\/site2\/#\/schema\/logo\/image\/\"},\"sameAs\":[\"https:\/\/www.facebook.com\/insamach\",\"https:\/\/www.instagram.com\/ism_chillan\/?hl=es-la\",\"https:\/\/www.youtube.com\/channel\/UCU8IW1d8akOJJTePPCCMjjA\"]}]}<\/script>\n<!-- \/ Yoast SEO plugin. -->","yoast_head_json":{"title":"Carisma y Espiritualidad | Instituto Santa Mar\u00eda - San Carlos","robots":{"index":"index","follow":"follow","max-snippet":"max-snippet:-1","max-image-preview":"max-image-preview:large","max-video-preview":"max-video-preview:-1"},"canonical":"https:\/\/ismsancarlos.cl\/site2\/carisma-y-espiritualidad\/","og_locale":"es_ES","og_type":"article","og_title":"Carisma y Espiritualidad | Instituto Santa Mar\u00eda - San Carlos","og_description":"[vc_row][vc_column][stm_title sep_color=\u00bbcustom\u00bb sep_enable=\u00bbtrue\u00bb sep_color_custom=\u00bb#fad900&#8243; title=\u00bbCarisma y Espiritualidad\u00bb][\/stm_title][\/vc_column][\/vc_row][vc_row][vc_column width=\u00bb7\/12&#8243;][vc_column_text]La espiritualidad consiste esencialmente en c\u00f3mo vemos, experimentamos y respondemos al mundo en el que vivimos, y a la presencia de Dios en \u00c9l. Cada congregaci\u00f3n religiosa tiene una espiritualidad que refleja la espiritualidad de su fundador o fundadora, y esto se conoce como su carisma. Mary Ward, [&hellip;]","og_url":"https:\/\/ismsancarlos.cl\/site2\/carisma-y-espiritualidad\/","og_site_name":"Instituto Santa Mar\u00eda - San Carlos","article_publisher":"https:\/\/www.facebook.com\/insamach","article_modified_time":"2024-04-02T17:54:16+00:00","twitter_card":"summary_large_image","twitter_misc":{"Tiempo de lectura":"5 minutos"},"schema":{"@context":"https:\/\/schema.org","@graph":[{"@type":"WebPage","@id":"https:\/\/ismsancarlos.cl\/site2\/carisma-y-espiritualidad\/","url":"https:\/\/ismsancarlos.cl\/site2\/carisma-y-espiritualidad\/","name":"Carisma y Espiritualidad | Instituto Santa Mar\u00eda - San Carlos","isPartOf":{"@id":"https:\/\/ismsancarlos.cl\/site2\/#website"},"datePublished":"2024-04-02T17:53:26+00:00","dateModified":"2024-04-02T17:54:16+00:00","breadcrumb":{"@id":"https:\/\/ismsancarlos.cl\/site2\/carisma-y-espiritualidad\/#breadcrumb"},"inLanguage":"es","potentialAction":[{"@type":"ReadAction","target":["https:\/\/ismsancarlos.cl\/site2\/carisma-y-espiritualidad\/"]}]},{"@type":"BreadcrumbList","@id":"https:\/\/ismsancarlos.cl\/site2\/carisma-y-espiritualidad\/#breadcrumb","itemListElement":[{"@type":"ListItem","position":1,"name":"Portada","item":"https:\/\/ismsancarlos.cl\/site2\/"},{"@type":"ListItem","position":2,"name":"Carisma y Espiritualidad"}]},{"@type":"WebSite","@id":"https:\/\/ismsancarlos.cl\/site2\/#website","url":"https:\/\/ismsancarlos.cl\/site2\/","name":"Instituto Santa Mar\u00eda - San Carlos","description":"&quot;Aprender m\u00e1s para servir mejor&quot;","publisher":{"@id":"https:\/\/ismsancarlos.cl\/site2\/#organization"},"potentialAction":[{"@type":"SearchAction","target":{"@type":"EntryPoint","urlTemplate":"https:\/\/ismsancarlos.cl\/site2\/?s={search_term_string}"},"query-input":{"@type":"PropertyValueSpecification","valueRequired":true,"valueName":"search_term_string"}}],"inLanguage":"es"},{"@type":"Organization","@id":"https:\/\/ismsancarlos.cl\/site2\/#organization","name":"Instituto Santa Mar\u00eda Chill\u00e1n","url":"https:\/\/ismsancarlos.cl\/site2\/","logo":{"@type":"ImageObject","inLanguage":"es","@id":"https:\/\/ismsancarlos.cl\/site2\/#\/schema\/logo\/image\/","url":"https:\/\/ismchillan.cl\/site\/wp-content\/uploads\/2021\/02\/logo-ISM-Chillan.png","contentUrl":"https:\/\/ismchillan.cl\/site\/wp-content\/uploads\/2021\/02\/logo-ISM-Chillan.png","width":746,"height":228,"caption":"Instituto Santa Mar\u00eda Chill\u00e1n"},"image":{"@id":"https:\/\/ismsancarlos.cl\/site2\/#\/schema\/logo\/image\/"},"sameAs":["https:\/\/www.facebook.com\/insamach","https:\/\/www.instagram.com\/ism_chillan\/?hl=es-la","https:\/\/www.youtube.com\/channel\/UCU8IW1d8akOJJTePPCCMjjA"]}]}},"ticketed":false,"_links":{"self":[{"href":"https:\/\/ismsancarlos.cl\/site2\/wp-json\/wp\/v2\/pages\/14048","targetHints":{"allow":["GET"]}}],"collection":[{"href":"https:\/\/ismsancarlos.cl\/site2\/wp-json\/wp\/v2\/pages"}],"about":[{"href":"https:\/\/ismsancarlos.cl\/site2\/wp-json\/wp\/v2\/types\/page"}],"author":[{"embeddable":true,"href":"https:\/\/ismsancarlos.cl\/site2\/wp-json\/wp\/v2\/users\/1"}],"replies":[{"embeddable":true,"href":"https:\/\/ismsancarlos.cl\/site2\/wp-json\/wp\/v2\/comments?post=14048"}],"version-history":[{"count":4,"href":"https:\/\/ismsancarlos.cl\/site2\/wp-json\/wp\/v2\/pages\/14048\/revisions"}],"predecessor-version":[{"id":14053,"href":"https:\/\/ismsancarlos.cl\/site2\/wp-json\/wp\/v2\/pages\/14048\/revisions\/14053"}],"wp:attachment":[{"href":"https:\/\/ismsancarlos.cl\/site2\/wp-json\/wp\/v2\/media?parent=14048"}],"curies":[{"name":"wp","href":"https:\/\/api.w.org\/{rel}","templated":true}]}}