{"id":13625,"date":"2023-06-25T22:48:38","date_gmt":"2023-06-26T01:48:38","guid":{"rendered":"https:\/\/ismsancarlos.cl\/site2\/?page_id=13625"},"modified":"2025-04-10T16:06:54","modified_gmt":"2025-04-10T19:06:54","slug":"trabajo-social","status":"publish","type":"page","link":"https:\/\/ismsancarlos.cl\/site2\/trabajo-social\/","title":{"rendered":"Trabajo Social"},"content":{"rendered":"<p>[vc_row][vc_column][stm_title sep_color=\u00bbcustom\u00bb page_title_enable=\u00bbtrue\u00bb sep_enable=\u00bbtrue\u00bb sep_color_custom=\u00bb#fad900&#8243;][\/stm_title][\/vc_column][\/vc_row][vc_row][vc_column width=\u00bb7\/12&#8243;][vc_column_text]<strong>TRABAJADORA SOCIAL<\/strong><\/p>\n<p>La Trabajadora Social pertenece al Equipo de Pastoral y Formaci\u00f3n del establecimiento educacional, busca favorecer el desarrollo de v\u00ednculos humanos saludables y fomentar cambios sociales que deriven en un mayor bienestar para las personas que componen la Comunidad Educativa, actuando sobre factores relacionados a las interacciones de los individuos con el entorno.<\/p>\n<p>Como parte del equipo multidisciplinario coordina apoyo y beneficios a los estudiantes y sus familias.<\/p>\n<p>Como parte del equipo de Pastoral y Formaci\u00f3n, participa de la planificaci\u00f3n, coordinaci\u00f3n y evaluaci\u00f3n de las actividades de formaci\u00f3n aportando en la implementaci\u00f3n de las pol\u00edticas de Convivencia Educativa y Salud Mental. Apoya en el dise\u00f1o y ejecuci\u00f3n del programa de orientaci\u00f3n educacional, vocacional y profesional a nivel grupal e individual.<\/p>\n<p>Promueve y anima la apropiaci\u00f3n y fidelizaci\u00f3n de la Misi\u00f3n y Visi\u00f3n institucional en la comunidad escolar y en las instancias de trabajo con los miembros de la Red CJ.<\/p>\n<p>Promueve los valores cristianos en la comunidad educativa y\/o con los\u00a0 miembros de la Red CJ a trav\u00e9s del ejemplo en su actuar.[\/vc_column_text][vc_column_text]<strong>DENTRO DE SUS FUNCIONES, SE ENCUENTRAN:<\/strong><\/p>\n<ul>\n<li>Colaborar en la identificaci\u00f3n de las problem\u00e1ticas m\u00e1s recurrentes de la etapa escolar a trav\u00e9s del trabajo en conjunto con los profesionales del contexto educativo.<\/li>\n<li>Realizar un trabajo en red, para coordinar con otros profesionales e instituciones de car\u00e1cter p\u00fablico y privado, derivaciones que permitan realizar una intervenci\u00f3n complementaria (ayudas t\u00e9cnicas, tecnol\u00f3gicas y culturales).<\/li>\n<li>Apoyar, desde un enfoque preventivo, a los estudiantes y sus familias, ante situaciones que signifiquen la vulneraci\u00f3n de sus derechos, por medio del trabajo coordinado con los profesionales del colegio y de igual forma, con redes externas a la instituci\u00f3n.<\/li>\n<li>Establecer el enlace entre el establecimiento y las familias, en funci\u00f3n de favorecer el proceso escolar de los estudiantes.<\/li>\n<li>Informar y orientar a la comunidad escolar, en lo que respecta a apoyos, programas y beneficios sociales de car\u00e1cter p\u00fablico (de preferencia, de manera focalizada).<\/li>\n<li>Realizar intervenciones entre los estudiantes y sus familias, desde un enfoque sist\u00e9mico y ecol\u00f3gico, orientado a disminuir disfunciones familiares y a potenciar las interrelaciones al interior del grupo familiar.<\/li>\n<li>Realizar informes socioecon\u00f3micos que permitan generar una caracterizaci\u00f3n del grupo familiar de los\/as estudiantes, con la finalidad de gestionar diferentes tipos de ayudas.<\/li>\n<li>Coordinaci\u00f3n con redes sociales. Se realizan actividades de coordinaci\u00f3n con organismos de la red social y de salud, como CESFAM, OPD, PPF, SENDA, I. Municipalidad, etc.<\/li>\n<\/ul>\n<p>EN ENFASIS O SELLO DEL TRABAJO:<\/p>\n<ul>\n<li>Abordaje Socio familiar y beneficios estudiantiles.<\/li>\n<\/ul>\n<p>[\/vc_column_text][\/vc_column][vc_column width=\u00bb5\/12&#8243;][stm_single_image img_responsive_enable=\u00bbtrue\u00bb img_id=\u00bb14908&#8243; css=\u00bb.vc_custom_1744312007523{margin-bottom: 10px !important;}\u00bb][stm_text_box title_tag=\u00bbh6&#8243; text_color=\u00bbcustom\u00bb stm_bg_color=\u00bbcustom\u00bb title=\u00bbVIRGINIA JA\u00d1A CANDIA\u00bb title_font_size=\u00bb16px\u00bb title_line_height=\u00bb18px\u00bb title_margin_b=\u00bb10px\u00bb text_color_custom=\u00bb#1e73be\u00bb text_margin_b=\u00bb0px\u00bb css=\u00bb.vc_custom_1691512837439{margin-bottom: 0px !important;padding-top: 20px !important;padding-right: 20px !important;padding-bottom: 0px !important;padding-left: 20px !important;}\u00bb]Trabajador Social[\/stm_text_box][stm_administrator_contact_details administrator_email=\u00bbvirginia.jana.ca@ismsancarlos.cl\u00bb css=\u00bb.vc_custom_1687744651225{margin-top: 0px !important;padding-top: 0px !important;padding-right: 20px !important;padding-left: 20px !important;}\u00bb][stm_spacing lg_spacing=\u00bb40px\u00bb][\/vc_column][\/vc_row]<\/p>\n","protected":false},"excerpt":{"rendered":"<p>[vc_row][vc_column][stm_title sep_color=\u00bbcustom\u00bb page_title_enable=\u00bbtrue\u00bb sep_enable=\u00bbtrue\u00bb sep_color_custom=\u00bb#fad900&#8243;][\/stm_title][\/vc_column][\/vc_row][vc_row][vc_column width=\u00bb7\/12&#8243;][vc_column_text]TRABAJADORA SOCIAL La Trabajadora Social pertenece al Equipo de Pastoral y Formaci\u00f3n del establecimiento educacional, busca favorecer el desarrollo de v\u00ednculos humanos saludables y fomentar cambios sociales que deriven en un mayor bienestar para las personas que componen la Comunidad Educativa, actuando sobre factores relacionados a las interacciones de los [&hellip;]<\/p>\n","protected":false},"author":1,"featured_media":0,"parent":0,"menu_order":0,"comment_status":"closed","ping_status":"closed","template":"","meta":{"_price":"","_stock":"","_tribe_ticket_header":"","_tribe_default_ticket_provider":"","_tribe_ticket_capacity":"0","_ticket_start_date":"","_ticket_end_date":"","_tribe_ticket_show_description":"","_tribe_ticket_show_not_going":false,"_tribe_ticket_use_global_stock":"","_tribe_ticket_global_stock_level":"","_global_stock_mode":"","_global_stock_cap":"","_tribe_rsvp_for_event":"","_tribe_ticket_going_count":"","_tribe_ticket_not_going_count":"","_tribe_tickets_list":"[]","_tribe_ticket_has_attendee_info_fields":false,"footnotes":"","_tec_slr_enabled":"","_tec_slr_layout":""},"class_list":["post-13625","page","type-page","status-publish","hentry"],"yoast_head":"<!-- This site is optimized with the Yoast SEO plugin v25.6 - https:\/\/yoast.com\/wordpress\/plugins\/seo\/ -->\n<title>Trabajo Social | Instituto Santa Mar\u00eda - San Carlos<\/title>\n<meta name=\"robots\" content=\"index, follow, max-snippet:-1, max-image-preview:large, max-video-preview:-1\" \/>\n<link rel=\"canonical\" href=\"https:\/\/ismsancarlos.cl\/site2\/trabajo-social\/\" \/>\n<meta property=\"og:locale\" content=\"es_ES\" \/>\n<meta property=\"og:type\" content=\"article\" \/>\n<meta property=\"og:title\" content=\"Trabajo Social | Instituto Santa Mar\u00eda - San Carlos\" \/>\n<meta property=\"og:description\" content=\"[vc_row][vc_column][stm_title sep_color=\u00bbcustom\u00bb page_title_enable=\u00bbtrue\u00bb sep_enable=\u00bbtrue\u00bb sep_color_custom=\u00bb#fad900&#8243;][\/stm_title][\/vc_column][\/vc_row][vc_row][vc_column width=\u00bb7\/12&#8243;][vc_column_text]TRABAJADORA SOCIAL La Trabajadora Social pertenece al Equipo de Pastoral y Formaci\u00f3n del establecimiento educacional, busca favorecer el desarrollo de v\u00ednculos humanos saludables y fomentar cambios sociales que deriven en un mayor bienestar para las personas que componen la Comunidad Educativa, actuando sobre factores relacionados a las interacciones de los [&hellip;]\" \/>\n<meta property=\"og:url\" content=\"https:\/\/ismsancarlos.cl\/site2\/trabajo-social\/\" \/>\n<meta property=\"og:site_name\" content=\"Instituto Santa Mar\u00eda - San Carlos\" \/>\n<meta property=\"article:publisher\" content=\"https:\/\/www.facebook.com\/insamach\" \/>\n<meta property=\"article:modified_time\" content=\"2025-04-10T19:06:54+00:00\" \/>\n<meta name=\"twitter:card\" content=\"summary_large_image\" \/>\n<meta name=\"twitter:label1\" content=\"Tiempo de lectura\" \/>\n\t<meta name=\"twitter:data1\" content=\"3 minutos\" \/>\n<script type=\"application\/ld+json\" class=\"yoast-schema-graph\">{\"@context\":\"https:\/\/schema.org\",\"@graph\":[{\"@type\":\"WebPage\",\"@id\":\"https:\/\/ismsancarlos.cl\/site2\/trabajo-social\/\",\"url\":\"https:\/\/ismsancarlos.cl\/site2\/trabajo-social\/\",\"name\":\"Trabajo Social | Instituto Santa Mar\u00eda - San Carlos\",\"isPartOf\":{\"@id\":\"https:\/\/ismsancarlos.cl\/site2\/#website\"},\"datePublished\":\"2023-06-26T01:48:38+00:00\",\"dateModified\":\"2025-04-10T19:06:54+00:00\",\"breadcrumb\":{\"@id\":\"https:\/\/ismsancarlos.cl\/site2\/trabajo-social\/#breadcrumb\"},\"inLanguage\":\"es\",\"potentialAction\":[{\"@type\":\"ReadAction\",\"target\":[\"https:\/\/ismsancarlos.cl\/site2\/trabajo-social\/\"]}]},{\"@type\":\"BreadcrumbList\",\"@id\":\"https:\/\/ismsancarlos.cl\/site2\/trabajo-social\/#breadcrumb\",\"itemListElement\":[{\"@type\":\"ListItem\",\"position\":1,\"name\":\"Portada\",\"item\":\"https:\/\/ismsancarlos.cl\/site2\/\"},{\"@type\":\"ListItem\",\"position\":2,\"name\":\"Trabajo Social\"}]},{\"@type\":\"WebSite\",\"@id\":\"https:\/\/ismsancarlos.cl\/site2\/#website\",\"url\":\"https:\/\/ismsancarlos.cl\/site2\/\",\"name\":\"Instituto Santa Mar\u00eda - San Carlos\",\"description\":\"&quot;Aprender m\u00e1s para servir mejor&quot;\",\"publisher\":{\"@id\":\"https:\/\/ismsancarlos.cl\/site2\/#organization\"},\"potentialAction\":[{\"@type\":\"SearchAction\",\"target\":{\"@type\":\"EntryPoint\",\"urlTemplate\":\"https:\/\/ismsancarlos.cl\/site2\/?s={search_term_string}\"},\"query-input\":{\"@type\":\"PropertyValueSpecification\",\"valueRequired\":true,\"valueName\":\"search_term_string\"}}],\"inLanguage\":\"es\"},{\"@type\":\"Organization\",\"@id\":\"https:\/\/ismsancarlos.cl\/site2\/#organization\",\"name\":\"Instituto Santa Mar\u00eda Chill\u00e1n\",\"url\":\"https:\/\/ismsancarlos.cl\/site2\/\",\"logo\":{\"@type\":\"ImageObject\",\"inLanguage\":\"es\",\"@id\":\"https:\/\/ismsancarlos.cl\/site2\/#\/schema\/logo\/image\/\",\"url\":\"https:\/\/ismchillan.cl\/site\/wp-content\/uploads\/2021\/02\/logo-ISM-Chillan.png\",\"contentUrl\":\"https:\/\/ismchillan.cl\/site\/wp-content\/uploads\/2021\/02\/logo-ISM-Chillan.png\",\"width\":746,\"height\":228,\"caption\":\"Instituto Santa Mar\u00eda Chill\u00e1n\"},\"image\":{\"@id\":\"https:\/\/ismsancarlos.cl\/site2\/#\/schema\/logo\/image\/\"},\"sameAs\":[\"https:\/\/www.facebook.com\/insamach\",\"https:\/\/www.instagram.com\/ism_chillan\/?hl=es-la\",\"https:\/\/www.youtube.com\/channel\/UCU8IW1d8akOJJTePPCCMjjA\"]}]}<\/script>\n<!-- \/ Yoast SEO plugin. -->","yoast_head_json":{"title":"Trabajo Social | Instituto Santa Mar\u00eda - San Carlos","robots":{"index":"index","follow":"follow","max-snippet":"max-snippet:-1","max-image-preview":"max-image-preview:large","max-video-preview":"max-video-preview:-1"},"canonical":"https:\/\/ismsancarlos.cl\/site2\/trabajo-social\/","og_locale":"es_ES","og_type":"article","og_title":"Trabajo Social | Instituto Santa Mar\u00eda - San Carlos","og_description":"[vc_row][vc_column][stm_title sep_color=\u00bbcustom\u00bb page_title_enable=\u00bbtrue\u00bb sep_enable=\u00bbtrue\u00bb sep_color_custom=\u00bb#fad900&#8243;][\/stm_title][\/vc_column][\/vc_row][vc_row][vc_column width=\u00bb7\/12&#8243;][vc_column_text]TRABAJADORA SOCIAL La Trabajadora Social pertenece al Equipo de Pastoral y Formaci\u00f3n del establecimiento educacional, busca favorecer el desarrollo de v\u00ednculos humanos saludables y fomentar cambios sociales que deriven en un mayor bienestar para las personas que componen la Comunidad Educativa, actuando sobre factores relacionados a las interacciones de los [&hellip;]","og_url":"https:\/\/ismsancarlos.cl\/site2\/trabajo-social\/","og_site_name":"Instituto Santa Mar\u00eda - San Carlos","article_publisher":"https:\/\/www.facebook.com\/insamach","article_modified_time":"2025-04-10T19:06:54+00:00","twitter_card":"summary_large_image","twitter_misc":{"Tiempo de lectura":"3 minutos"},"schema":{"@context":"https:\/\/schema.org","@graph":[{"@type":"WebPage","@id":"https:\/\/ismsancarlos.cl\/site2\/trabajo-social\/","url":"https:\/\/ismsancarlos.cl\/site2\/trabajo-social\/","name":"Trabajo Social | Instituto Santa Mar\u00eda - San Carlos","isPartOf":{"@id":"https:\/\/ismsancarlos.cl\/site2\/#website"},"datePublished":"2023-06-26T01:48:38+00:00","dateModified":"2025-04-10T19:06:54+00:00","breadcrumb":{"@id":"https:\/\/ismsancarlos.cl\/site2\/trabajo-social\/#breadcrumb"},"inLanguage":"es","potentialAction":[{"@type":"ReadAction","target":["https:\/\/ismsancarlos.cl\/site2\/trabajo-social\/"]}]},{"@type":"BreadcrumbList","@id":"https:\/\/ismsancarlos.cl\/site2\/trabajo-social\/#breadcrumb","itemListElement":[{"@type":"ListItem","position":1,"name":"Portada","item":"https:\/\/ismsancarlos.cl\/site2\/"},{"@type":"ListItem","position":2,"name":"Trabajo Social"}]},{"@type":"WebSite","@id":"https:\/\/ismsancarlos.cl\/site2\/#website","url":"https:\/\/ismsancarlos.cl\/site2\/","name":"Instituto Santa Mar\u00eda - San Carlos","description":"&quot;Aprender m\u00e1s para servir mejor&quot;","publisher":{"@id":"https:\/\/ismsancarlos.cl\/site2\/#organization"},"potentialAction":[{"@type":"SearchAction","target":{"@type":"EntryPoint","urlTemplate":"https:\/\/ismsancarlos.cl\/site2\/?s={search_term_string}"},"query-input":{"@type":"PropertyValueSpecification","valueRequired":true,"valueName":"search_term_string"}}],"inLanguage":"es"},{"@type":"Organization","@id":"https:\/\/ismsancarlos.cl\/site2\/#organization","name":"Instituto Santa Mar\u00eda Chill\u00e1n","url":"https:\/\/ismsancarlos.cl\/site2\/","logo":{"@type":"ImageObject","inLanguage":"es","@id":"https:\/\/ismsancarlos.cl\/site2\/#\/schema\/logo\/image\/","url":"https:\/\/ismchillan.cl\/site\/wp-content\/uploads\/2021\/02\/logo-ISM-Chillan.png","contentUrl":"https:\/\/ismchillan.cl\/site\/wp-content\/uploads\/2021\/02\/logo-ISM-Chillan.png","width":746,"height":228,"caption":"Instituto Santa Mar\u00eda Chill\u00e1n"},"image":{"@id":"https:\/\/ismsancarlos.cl\/site2\/#\/schema\/logo\/image\/"},"sameAs":["https:\/\/www.facebook.com\/insamach","https:\/\/www.instagram.com\/ism_chillan\/?hl=es-la","https:\/\/www.youtube.com\/channel\/UCU8IW1d8akOJJTePPCCMjjA"]}]}},"ticketed":false,"_links":{"self":[{"href":"https:\/\/ismsancarlos.cl\/site2\/wp-json\/wp\/v2\/pages\/13625","targetHints":{"allow":["GET"]}}],"collection":[{"href":"https:\/\/ismsancarlos.cl\/site2\/wp-json\/wp\/v2\/pages"}],"about":[{"href":"https:\/\/ismsancarlos.cl\/site2\/wp-json\/wp\/v2\/types\/page"}],"author":[{"embeddable":true,"href":"https:\/\/ismsancarlos.cl\/site2\/wp-json\/wp\/v2\/users\/1"}],"replies":[{"embeddable":true,"href":"https:\/\/ismsancarlos.cl\/site2\/wp-json\/wp\/v2\/comments?post=13625"}],"version-history":[{"count":8,"href":"https:\/\/ismsancarlos.cl\/site2\/wp-json\/wp\/v2\/pages\/13625\/revisions"}],"predecessor-version":[{"id":14909,"href":"https:\/\/ismsancarlos.cl\/site2\/wp-json\/wp\/v2\/pages\/13625\/revisions\/14909"}],"wp:attachment":[{"href":"https:\/\/ismsancarlos.cl\/site2\/wp-json\/wp\/v2\/media?parent=13625"}],"curies":[{"name":"wp","href":"https:\/\/api.w.org\/{rel}","templated":true}]}}