{"id":13602,"date":"2023-06-22T12:10:00","date_gmt":"2023-06-22T15:10:00","guid":{"rendered":"https:\/\/ismsancarlos.cl\/site2\/?page_id=13602"},"modified":"2025-03-24T15:46:36","modified_gmt":"2025-03-24T18:46:36","slug":"asesores","status":"publish","type":"page","link":"https:\/\/ismsancarlos.cl\/site2\/asesores\/","title":{"rendered":"Asesores del \u00e1rea pastoral y formaci\u00f3n."},"content":{"rendered":"<p>[vc_row][vc_column][stm_title sep_color=\u00bbcustom\u00bb page_title_enable=\u00bbtrue\u00bb sep_enable=\u00bbtrue\u00bb sep_color_custom=\u00bb#fad900&#8243;][\/stm_title][\/vc_column][\/vc_row][vc_row][vc_column width=\u00bb7\/12&#8243;][vc_column_text]<strong>ASESORES DEL \u00c1REA PASTORAL Y FORMACI\u00d3N.<\/strong><\/p>\n<p>Algunas de las actividades que realizamos como Equipo de Pastoral y Formaci\u00f3n son los Encuentros con Cristo para estudiantes, Apoderados de Pastoral y Colaboradores, Ejercicios Espirituales para colaboradores, Acompa\u00f1amiento\u00a0 Espiritual, Talleres de Formaci\u00f3n Sacramental y Pastoral, Festival de Talentos, Encuentros de L\u00edderes, Actividades y Campa\u00f1as Solidarias, diferentes actividades formativas que inician o culminan procesos de formaci\u00f3n tales como: Hito de Bienvenida a alumnos nuevos, Hito D\u00eda de la Familia, Hito de la Amistad, Hito D\u00eda del Servicio, para finalizar con el Retiro de los IV\u00b0 medios en vista a descubrir el Proyecto de Dios para sus vidas. As\u00ed mismo, un sinf\u00edn de actividades del Calendario Lit\u00fargico y del Mes destinado a conocer los valores de nuestra fundadora Mary Ward.<\/p>\n<p>El quehacer Pastoral est\u00e1 directamente vinculado con el \u00e1rea de desarrollar una Sana Convivencia Educativa, es por eso, que hemos liderados Talleres de Prevenci\u00f3n y Formaci\u00f3n para todos los cursos dependiendo de las solicitudes de tem\u00e1ticas que requiera las jefaturas, retomado la formaci\u00f3n en las Charlas para Padres y Apoderados.<\/p>\n<p>El equipo de Pastoral y Formaci\u00f3n est\u00e1 conformado por las siguientes personas:[\/vc_column_text][vc_column_text]<strong>El equipo de Pastoral est\u00e1 conformado por las siguientes personas:<\/strong><\/p>\n<p>De la comunidad religiosa:<\/p>\n<table style=\"border-collapse: collapse; width: 100%;\">\n<tbody>\n<tr>\n<td style=\"width: 100%;\">Hermana Ruth Sanhueza<\/td>\n<\/tr>\n<tr>\n<td style=\"width: 100%;\">Hermana Matilde Bekar<\/td>\n<\/tr>\n<tr>\n<td style=\"width: 100%;\">Hermana Yamilet Veas Estay<\/td>\n<\/tr>\n<\/tbody>\n<\/table>\n<p><strong>Adem\u00e1s, se desprende en la gesti\u00f3n la colaboraci\u00f3n del \u00e1rea Formaci\u00f3n y de Convivencia Educativa.<\/strong><\/p>\n<table style=\"border-collapse: collapse; width: 100%; height: 240px;\">\n<tbody>\n<tr style=\"height: 24px;\">\n<td style=\"width: 50%; height: 24px;\"><strong>MISI\u00d3N<\/strong><\/td>\n<td style=\"width: 50%; height: 24px;\"><strong>PROFESIONALES<\/strong><\/td>\n<\/tr>\n<tr style=\"height: 24px;\">\n<td style=\"width: 50%; height: 24px;\" width=\"338\">Coordinaci\u00f3n de Pastoral y Formaci\u00f3n<\/td>\n<td style=\"width: 50%; height: 24px;\" width=\"251\">Paulina Gatica<\/td>\n<\/tr>\n<tr style=\"height: 24px;\">\n<td style=\"width: 50%; height: 24px;\" width=\"338\">Coordinaci\u00f3n de Ense\u00f1anza B\u00e1sica en Pastoral<\/td>\n<td style=\"width: 50%; height: 24px;\" width=\"251\">Victoria Ocares<\/td>\n<\/tr>\n<tr style=\"height: 24px;\">\n<td style=\"width: 50%; height: 24px;\" width=\"338\">Coordinaci\u00f3n de Ense\u00f1anza Media en Pastoral<\/td>\n<td style=\"width: 50%; height: 24px;\" width=\"251\">Mat\u00edas Sald\u00edas<\/td>\n<\/tr>\n<tr style=\"height: 24px;\">\n<td style=\"width: 50%; height: 24px;\" width=\"338\">Convivencia Educativa<\/td>\n<td style=\"width: 50%; height: 24px;\" width=\"251\">Felipe Sandoval<\/td>\n<\/tr>\n<tr style=\"height: 24px;\">\n<td style=\"width: 50%; height: 24px;\" width=\"338\">Trabajadora Social<\/td>\n<td style=\"width: 50%; height: 24px;\" width=\"251\">Virginia Ja\u00f1a<\/td>\n<\/tr>\n<tr style=\"height: 24px;\">\n<td style=\"width: 50%; height: 24px;\" width=\"338\">Orientadora de I Ciclo<\/td>\n<td style=\"width: 50%; height: 24px;\" width=\"251\">Claudia Sep\u00falveda<\/td>\n<\/tr>\n<tr style=\"height: 24px;\">\n<td style=\"width: 50%; height: 24px;\" width=\"338\">Orientador de II Ciclo<\/td>\n<td style=\"width: 50%; height: 24px;\" width=\"251\">Katherine Y\u00e9venes<\/td>\n<\/tr>\n<tr style=\"height: 24px;\">\n<td style=\"width: 50%; height: 24px;\" width=\"338\">Psic\u00f3loga de I Ciclo<\/td>\n<td style=\"width: 50%; height: 24px;\" width=\"251\">Valentina Sald\u00edas<\/td>\n<\/tr>\n<tr style=\"height: 24px;\">\n<td style=\"width: 50%; height: 24px;\" width=\"338\">Psic\u00f3loga de II Ciclo<\/td>\n<td style=\"width: 50%; height: 24px;\" width=\"251\">Roc\u00edo Cifuentes<\/td>\n<\/tr>\n<\/tbody>\n<\/table>\n<p>&nbsp;<\/p>\n<p><strong>Encargada Ciclo Inicial y I\u00b0 Ciclo: A cargo de la profesora de religi\u00f3n Victoria Ocares Cort\u00e9s.<\/strong><\/p>\n<table style=\"border-collapse: collapse; width: 100%; height: 277px;\">\n<tbody>\n<tr style=\"height: 24px;\">\n<td style=\"width: 50%; height: 24px;\">\u00a0TALLER<\/td>\n<td style=\"width: 50%; height: 24px;\">\u00a0ASESOR<\/td>\n<\/tr>\n<tr style=\"height: 36px;\">\n<td style=\"width: 50%; height: 36px;\" width=\"294\">Taller Pastoral Pre-B\u00e1sica<\/td>\n<td style=\"width: 50%; height: 36px;\" width=\"294\">Sara Belmar Guerrero<\/td>\n<\/tr>\n<tr style=\"height: 42px;\">\n<td style=\"width: 50%; height: 42px;\" width=\"294\">Taller Pastoral 1\u00ba a 3\u00ba B\u00e1sico<\/td>\n<td style=\"width: 50%; height: 42px;\" width=\"294\">Victoria Ocares Cort\u00e9s<\/td>\n<\/tr>\n<tr style=\"height: 38px;\">\n<td style=\"width: 50%; height: 38px;\" width=\"294\">Taller Pastoral 4\u00ba a 6\u00ba B\u00e1sico<\/td>\n<td style=\"width: 50%; height: 38px;\" width=\"294\">Paola Aedo Montecinos<\/td>\n<\/tr>\n<tr style=\"height: 41px;\">\n<td style=\"width: 50%; height: 41px;\" width=\"294\">MEJ 1\u00ba a 6\u00ba B\u00e1sico<\/td>\n<td style=\"width: 50%; height: 41px;\" width=\"294\">Hna. Ruth Sanhueza<br \/>\nMonserrat Contreras<\/td>\n<\/tr>\n<tr style=\"height: 96px;\">\n<td style=\"width: 50%; height: 96px;\" width=\"294\">Catequesis Eucar\u00edstica<\/td>\n<td style=\"width: 50%; height: 96px;\" width=\"294\">Pamela Parra Parra<br \/>\nPatricia Riquelme L\u00f3pez<br \/>\nSara Belmar Guti\u00e9rrez<br \/>\nRosa Carrasco Z\u00fa\u00f1iga<\/td>\n<\/tr>\n<tr>\n<td style=\"width: 50%;\">Encargada de la JPIC<\/td>\n<td style=\"width: 50%;\">Bel\u00e9n Sep\u00falveda<\/td>\n<\/tr>\n<\/tbody>\n<\/table>\n<p><strong>Coordinaci\u00f3n II\u00b0 Ciclo: A cargo del profesor, Mat\u00edas Sald\u00eda Cataldo<\/strong><\/p>\n<table style=\"border-collapse: collapse; width: 100%; height: 168px;\">\n<tbody>\n<tr style=\"height: 24px;\">\n<td style=\"width: 50%; height: 24px;\">\u00a0TALLER<\/td>\n<td style=\"width: 50%; height: 24px;\">\u00a0ASESOR<\/td>\n<\/tr>\n<tr style=\"height: 24px;\">\n<td style=\"width: 50%; height: 24px;\" width=\"294\">Taller Delegados de Pastoral 7\u00ba a IV\u00b0 Medio<\/td>\n<td style=\"width: 50%; height: 24px;\" width=\"294\">Mat\u00edas Sald\u00eda Cataldo<\/td>\n<\/tr>\n<tr style=\"height: 48px;\">\n<td style=\"width: 50%; height: 48px;\" width=\"294\">MEJ 7\u00ba a IV\u00b0 Medio<\/td>\n<td style=\"width: 50%; height: 48px;\" width=\"294\">Hna. Ruth Sanhueza<br \/>\nMonserrat Contreras<\/td>\n<\/tr>\n<tr style=\"height: 24px;\">\n<td style=\"width: 50%; height: 24px;\" width=\"294\">Catequesis Confirmaci\u00f3n<\/td>\n<td style=\"width: 50%; height: 24px;\" width=\"294\">Monserrat Contreras<br \/>\nRomina De La Fuente<\/td>\n<\/tr>\n<tr style=\"height: 24px;\">\n<td style=\"width: 50%; height: 24px;\" width=\"294\">Coro Lit\u00fargico<\/td>\n<td style=\"width: 50%; height: 24px;\" width=\"294\">Ricardo Aguayo Sep\u00falveda<\/td>\n<\/tr>\n<tr style=\"height: 24px;\">\n<td style=\"width: 50%; height: 24px;\">Formaci\u00f3n de Ac\u00f3litos<\/td>\n<td style=\"width: 50%; height: 24px;\">Hna. Yamilet Contreras<\/td>\n<\/tr>\n<tr>\n<td style=\"width: 50%;\">\n<div class=\"gmail_default\">Encargada de JPIC<\/div>\n<\/td>\n<td style=\"width: 50%;\">Bel\u00e9n Sep\u00falveda<\/td>\n<\/tr>\n<\/tbody>\n<\/table>\n<p>[\/vc_column_text][\/vc_column][vc_column width=\u00bb5\/12&#8243;][stm_single_image img_responsive_enable=\u00bbtrue\u00bb img_id=\u00bb14728&#8243; css=\u00bb.vc_custom_1741812935769{margin-bottom: 10px !important;}\u00bb][stm_text_box title_tag=\u00bbh6&#8243; text_color=\u00bbcustom\u00bb stm_bg_color=\u00bbcustom\u00bb title_font_size=\u00bb16px\u00bb title_line_height=\u00bb18px\u00bb title_margin_b=\u00bb10px\u00bb text_color_custom=\u00bb#1e73be\u00bb text_margin_b=\u00bb0px\u00bb css=\u00bb.vc_custom_1687448028719{margin-bottom: 0px !important;padding-top: 20px !important;padding-right: 20px !important;padding-bottom: 0px !important;padding-left: 20px !important;}\u00bb]Equipo asesor del \u00e1rea Pastoral, Formaci\u00f3n y Convivencia.[\/stm_text_box][stm_administrator_contact_details css=\u00bb.vc_custom_1687448037068{margin-top: 0px !important;padding-top: 0px !important;padding-right: 20px !important;padding-left: 20px !important;}\u00bb][\/vc_column][\/vc_row][vc_row full_width=\u00bbstretch_row\u00bb el_id=\u00bbrecursos\u00bb css=\u00bb.vc_custom_1618974090182{background-color: #fff2dd !important;}\u00bb][vc_column][stm_spacing lg_spacing=\u00bb40px\u00bb][stm_spacing lg_spacing=\u00bb40px\u00bb][\/vc_column][\/vc_row]<\/p>\n","protected":false},"excerpt":{"rendered":"<p>[vc_row][vc_column][stm_title sep_color=\u00bbcustom\u00bb page_title_enable=\u00bbtrue\u00bb sep_enable=\u00bbtrue\u00bb sep_color_custom=\u00bb#fad900&#8243;][\/stm_title][\/vc_column][\/vc_row][vc_row][vc_column width=\u00bb7\/12&#8243;][vc_column_text]ASESORES DEL \u00c1REA PASTORAL Y FORMACI\u00d3N. Algunas de las actividades que realizamos como Equipo de Pastoral y Formaci\u00f3n son los Encuentros con Cristo para estudiantes, Apoderados de Pastoral y Colaboradores, Ejercicios Espirituales para colaboradores, Acompa\u00f1amiento\u00a0 Espiritual, Talleres de Formaci\u00f3n Sacramental y Pastoral, Festival de Talentos, Encuentros de L\u00edderes, Actividades y [&hellip;]<\/p>\n","protected":false},"author":1,"featured_media":0,"parent":0,"menu_order":0,"comment_status":"closed","ping_status":"closed","template":"","meta":{"_price":"","_stock":"","_tribe_ticket_header":"","_tribe_default_ticket_provider":"","_tribe_ticket_capacity":"0","_ticket_start_date":"","_ticket_end_date":"","_tribe_ticket_show_description":"","_tribe_ticket_show_not_going":false,"_tribe_ticket_use_global_stock":"","_tribe_ticket_global_stock_level":"","_global_stock_mode":"","_global_stock_cap":"","_tribe_rsvp_for_event":"","_tribe_ticket_going_count":"","_tribe_ticket_not_going_count":"","_tribe_tickets_list":"[]","_tribe_ticket_has_attendee_info_fields":false,"footnotes":"","_tec_slr_enabled":"","_tec_slr_layout":""},"class_list":["post-13602","page","type-page","status-publish","hentry"],"yoast_head":"<!-- This site is optimized with the Yoast SEO plugin v25.6 - https:\/\/yoast.com\/wordpress\/plugins\/seo\/ -->\n<title>Asesores del \u00e1rea pastoral y formaci\u00f3n. | Instituto Santa Mar\u00eda - San Carlos<\/title>\n<meta name=\"robots\" content=\"index, follow, max-snippet:-1, max-image-preview:large, max-video-preview:-1\" \/>\n<link rel=\"canonical\" href=\"https:\/\/ismsancarlos.cl\/site2\/asesores\/\" \/>\n<meta property=\"og:locale\" content=\"es_ES\" \/>\n<meta property=\"og:type\" content=\"article\" \/>\n<meta property=\"og:title\" content=\"Asesores del \u00e1rea pastoral y formaci\u00f3n. | Instituto Santa Mar\u00eda - San Carlos\" \/>\n<meta property=\"og:description\" content=\"[vc_row][vc_column][stm_title sep_color=\u00bbcustom\u00bb page_title_enable=\u00bbtrue\u00bb sep_enable=\u00bbtrue\u00bb sep_color_custom=\u00bb#fad900&#8243;][\/stm_title][\/vc_column][\/vc_row][vc_row][vc_column width=\u00bb7\/12&#8243;][vc_column_text]ASESORES DEL \u00c1REA PASTORAL Y FORMACI\u00d3N. Algunas de las actividades que realizamos como Equipo de Pastoral y Formaci\u00f3n son los Encuentros con Cristo para estudiantes, Apoderados de Pastoral y Colaboradores, Ejercicios Espirituales para colaboradores, Acompa\u00f1amiento\u00a0 Espiritual, Talleres de Formaci\u00f3n Sacramental y Pastoral, Festival de Talentos, Encuentros de L\u00edderes, Actividades y [&hellip;]\" \/>\n<meta property=\"og:url\" content=\"https:\/\/ismsancarlos.cl\/site2\/asesores\/\" \/>\n<meta property=\"og:site_name\" content=\"Instituto Santa Mar\u00eda - San Carlos\" \/>\n<meta property=\"article:publisher\" content=\"https:\/\/www.facebook.com\/insamach\" \/>\n<meta property=\"article:modified_time\" content=\"2025-03-24T18:46:36+00:00\" \/>\n<meta name=\"twitter:card\" content=\"summary_large_image\" \/>\n<meta name=\"twitter:label1\" content=\"Tiempo de lectura\" \/>\n\t<meta name=\"twitter:data1\" content=\"3 minutos\" \/>\n<script type=\"application\/ld+json\" class=\"yoast-schema-graph\">{\"@context\":\"https:\/\/schema.org\",\"@graph\":[{\"@type\":\"WebPage\",\"@id\":\"https:\/\/ismsancarlos.cl\/site2\/asesores\/\",\"url\":\"https:\/\/ismsancarlos.cl\/site2\/asesores\/\",\"name\":\"Asesores del \u00e1rea pastoral y formaci\u00f3n. | Instituto Santa Mar\u00eda - San Carlos\",\"isPartOf\":{\"@id\":\"https:\/\/ismsancarlos.cl\/site2\/#website\"},\"datePublished\":\"2023-06-22T15:10:00+00:00\",\"dateModified\":\"2025-03-24T18:46:36+00:00\",\"breadcrumb\":{\"@id\":\"https:\/\/ismsancarlos.cl\/site2\/asesores\/#breadcrumb\"},\"inLanguage\":\"es\",\"potentialAction\":[{\"@type\":\"ReadAction\",\"target\":[\"https:\/\/ismsancarlos.cl\/site2\/asesores\/\"]}]},{\"@type\":\"BreadcrumbList\",\"@id\":\"https:\/\/ismsancarlos.cl\/site2\/asesores\/#breadcrumb\",\"itemListElement\":[{\"@type\":\"ListItem\",\"position\":1,\"name\":\"Portada\",\"item\":\"https:\/\/ismsancarlos.cl\/site2\/\"},{\"@type\":\"ListItem\",\"position\":2,\"name\":\"Asesores del \u00e1rea pastoral y formaci\u00f3n.\"}]},{\"@type\":\"WebSite\",\"@id\":\"https:\/\/ismsancarlos.cl\/site2\/#website\",\"url\":\"https:\/\/ismsancarlos.cl\/site2\/\",\"name\":\"Instituto Santa Mar\u00eda - San Carlos\",\"description\":\"&quot;Aprender m\u00e1s para servir mejor&quot;\",\"publisher\":{\"@id\":\"https:\/\/ismsancarlos.cl\/site2\/#organization\"},\"potentialAction\":[{\"@type\":\"SearchAction\",\"target\":{\"@type\":\"EntryPoint\",\"urlTemplate\":\"https:\/\/ismsancarlos.cl\/site2\/?s={search_term_string}\"},\"query-input\":{\"@type\":\"PropertyValueSpecification\",\"valueRequired\":true,\"valueName\":\"search_term_string\"}}],\"inLanguage\":\"es\"},{\"@type\":\"Organization\",\"@id\":\"https:\/\/ismsancarlos.cl\/site2\/#organization\",\"name\":\"Instituto Santa Mar\u00eda Chill\u00e1n\",\"url\":\"https:\/\/ismsancarlos.cl\/site2\/\",\"logo\":{\"@type\":\"ImageObject\",\"inLanguage\":\"es\",\"@id\":\"https:\/\/ismsancarlos.cl\/site2\/#\/schema\/logo\/image\/\",\"url\":\"https:\/\/ismchillan.cl\/site\/wp-content\/uploads\/2021\/02\/logo-ISM-Chillan.png\",\"contentUrl\":\"https:\/\/ismchillan.cl\/site\/wp-content\/uploads\/2021\/02\/logo-ISM-Chillan.png\",\"width\":746,\"height\":228,\"caption\":\"Instituto Santa Mar\u00eda Chill\u00e1n\"},\"image\":{\"@id\":\"https:\/\/ismsancarlos.cl\/site2\/#\/schema\/logo\/image\/\"},\"sameAs\":[\"https:\/\/www.facebook.com\/insamach\",\"https:\/\/www.instagram.com\/ism_chillan\/?hl=es-la\",\"https:\/\/www.youtube.com\/channel\/UCU8IW1d8akOJJTePPCCMjjA\"]}]}<\/script>\n<!-- \/ Yoast SEO plugin. -->","yoast_head_json":{"title":"Asesores del \u00e1rea pastoral y formaci\u00f3n. | Instituto Santa Mar\u00eda - San Carlos","robots":{"index":"index","follow":"follow","max-snippet":"max-snippet:-1","max-image-preview":"max-image-preview:large","max-video-preview":"max-video-preview:-1"},"canonical":"https:\/\/ismsancarlos.cl\/site2\/asesores\/","og_locale":"es_ES","og_type":"article","og_title":"Asesores del \u00e1rea pastoral y formaci\u00f3n. | Instituto Santa Mar\u00eda - San Carlos","og_description":"[vc_row][vc_column][stm_title sep_color=\u00bbcustom\u00bb page_title_enable=\u00bbtrue\u00bb sep_enable=\u00bbtrue\u00bb sep_color_custom=\u00bb#fad900&#8243;][\/stm_title][\/vc_column][\/vc_row][vc_row][vc_column width=\u00bb7\/12&#8243;][vc_column_text]ASESORES DEL \u00c1REA PASTORAL Y FORMACI\u00d3N. Algunas de las actividades que realizamos como Equipo de Pastoral y Formaci\u00f3n son los Encuentros con Cristo para estudiantes, Apoderados de Pastoral y Colaboradores, Ejercicios Espirituales para colaboradores, Acompa\u00f1amiento\u00a0 Espiritual, Talleres de Formaci\u00f3n Sacramental y Pastoral, Festival de Talentos, Encuentros de L\u00edderes, Actividades y [&hellip;]","og_url":"https:\/\/ismsancarlos.cl\/site2\/asesores\/","og_site_name":"Instituto Santa Mar\u00eda - San Carlos","article_publisher":"https:\/\/www.facebook.com\/insamach","article_modified_time":"2025-03-24T18:46:36+00:00","twitter_card":"summary_large_image","twitter_misc":{"Tiempo de lectura":"3 minutos"},"schema":{"@context":"https:\/\/schema.org","@graph":[{"@type":"WebPage","@id":"https:\/\/ismsancarlos.cl\/site2\/asesores\/","url":"https:\/\/ismsancarlos.cl\/site2\/asesores\/","name":"Asesores del \u00e1rea pastoral y formaci\u00f3n. | Instituto Santa Mar\u00eda - San Carlos","isPartOf":{"@id":"https:\/\/ismsancarlos.cl\/site2\/#website"},"datePublished":"2023-06-22T15:10:00+00:00","dateModified":"2025-03-24T18:46:36+00:00","breadcrumb":{"@id":"https:\/\/ismsancarlos.cl\/site2\/asesores\/#breadcrumb"},"inLanguage":"es","potentialAction":[{"@type":"ReadAction","target":["https:\/\/ismsancarlos.cl\/site2\/asesores\/"]}]},{"@type":"BreadcrumbList","@id":"https:\/\/ismsancarlos.cl\/site2\/asesores\/#breadcrumb","itemListElement":[{"@type":"ListItem","position":1,"name":"Portada","item":"https:\/\/ismsancarlos.cl\/site2\/"},{"@type":"ListItem","position":2,"name":"Asesores del \u00e1rea pastoral y formaci\u00f3n."}]},{"@type":"WebSite","@id":"https:\/\/ismsancarlos.cl\/site2\/#website","url":"https:\/\/ismsancarlos.cl\/site2\/","name":"Instituto Santa Mar\u00eda - San Carlos","description":"&quot;Aprender m\u00e1s para servir mejor&quot;","publisher":{"@id":"https:\/\/ismsancarlos.cl\/site2\/#organization"},"potentialAction":[{"@type":"SearchAction","target":{"@type":"EntryPoint","urlTemplate":"https:\/\/ismsancarlos.cl\/site2\/?s={search_term_string}"},"query-input":{"@type":"PropertyValueSpecification","valueRequired":true,"valueName":"search_term_string"}}],"inLanguage":"es"},{"@type":"Organization","@id":"https:\/\/ismsancarlos.cl\/site2\/#organization","name":"Instituto Santa Mar\u00eda Chill\u00e1n","url":"https:\/\/ismsancarlos.cl\/site2\/","logo":{"@type":"ImageObject","inLanguage":"es","@id":"https:\/\/ismsancarlos.cl\/site2\/#\/schema\/logo\/image\/","url":"https:\/\/ismchillan.cl\/site\/wp-content\/uploads\/2021\/02\/logo-ISM-Chillan.png","contentUrl":"https:\/\/ismchillan.cl\/site\/wp-content\/uploads\/2021\/02\/logo-ISM-Chillan.png","width":746,"height":228,"caption":"Instituto Santa Mar\u00eda Chill\u00e1n"},"image":{"@id":"https:\/\/ismsancarlos.cl\/site2\/#\/schema\/logo\/image\/"},"sameAs":["https:\/\/www.facebook.com\/insamach","https:\/\/www.instagram.com\/ism_chillan\/?hl=es-la","https:\/\/www.youtube.com\/channel\/UCU8IW1d8akOJJTePPCCMjjA"]}]}},"ticketed":false,"_links":{"self":[{"href":"https:\/\/ismsancarlos.cl\/site2\/wp-json\/wp\/v2\/pages\/13602","targetHints":{"allow":["GET"]}}],"collection":[{"href":"https:\/\/ismsancarlos.cl\/site2\/wp-json\/wp\/v2\/pages"}],"about":[{"href":"https:\/\/ismsancarlos.cl\/site2\/wp-json\/wp\/v2\/types\/page"}],"author":[{"embeddable":true,"href":"https:\/\/ismsancarlos.cl\/site2\/wp-json\/wp\/v2\/users\/1"}],"replies":[{"embeddable":true,"href":"https:\/\/ismsancarlos.cl\/site2\/wp-json\/wp\/v2\/comments?post=13602"}],"version-history":[{"count":16,"href":"https:\/\/ismsancarlos.cl\/site2\/wp-json\/wp\/v2\/pages\/13602\/revisions"}],"predecessor-version":[{"id":14774,"href":"https:\/\/ismsancarlos.cl\/site2\/wp-json\/wp\/v2\/pages\/13602\/revisions\/14774"}],"wp:attachment":[{"href":"https:\/\/ismsancarlos.cl\/site2\/wp-json\/wp\/v2\/media?parent=13602"}],"curies":[{"name":"wp","href":"https:\/\/api.w.org\/{rel}","templated":true}]}}