{"id":13593,"date":"2023-06-22T11:21:26","date_gmt":"2023-06-22T14:21:26","guid":{"rendered":"https:\/\/ismsancarlos.cl\/site2\/?page_id=13593"},"modified":"2026-03-12T09:12:00","modified_gmt":"2026-03-12T12:12:00","slug":"coordinacion","status":"publish","type":"page","link":"https:\/\/ismsancarlos.cl\/site2\/coordinacion\/","title":{"rendered":"Coordinaci\u00f3n"},"content":{"rendered":"<p>[vc_row][vc_column][stm_title sep_color=\u00bbcustom\u00bb page_title_enable=\u00bbtrue\u00bb sep_enable=\u00bbtrue\u00bb sep_color_custom=\u00bb#fad900&#8243;][\/stm_title][\/vc_column][\/vc_row][vc_row][vc_column width=\u00bb7\/12&#8243;][vc_column_text]Los Colegios de la Congregaci\u00f3n de Jes\u00fas desean entregar una educaci\u00f3n integral y de calidad a sus estudiantes. Esto impulsa y motiva a buscar caminos que permitan una Pastoral activa, para que el estudiante descubra y experimente la presencia de Dios en su vida y en la de los dem\u00e1s.<br \/>\nEste gran desaf\u00edo de la Pastoral y Formaci\u00f3n es \u201cFortalecer una Pastoral Cristo c\u00e9ntrica que convoque y motive al encuentro profundo con Cristo a trav\u00e9s de su Palabra, el Carisma y la Espiritualidad de Mary Ward en la que todos los miembros de la comunidad educativa se sientan considerados y valorados aportando sus talentos y virtudes\u201d. Para dar cumplimiento a este objetivo se trazaron importantes lineamientos a trav\u00e9s del \u201cItinerario Formativo Pastoral\u201d se pretende ofrecer diferentes instancias formativas a nuestros estudiantes dependiendo del nivel que se encuentren, para que vayan desarroll\u00e1ndose integralmente para descubrir su Proyecto de Vida. Actividades formativas en las cuales intentamos que cada estudiante, apoderado y colaborador puedan tener un encuentro profundo con ellos mismos y con los dem\u00e1s a trav\u00e9s de la reflexi\u00f3n personal-comunitaria. As\u00ed, podemos ser capaces de descubrir a Dios presente en cada una de nuestras vidas.<\/p>\n<p>Este es un a\u00f1o especial, es un a\u00f1o de gracia, donde el Papa Francisco nos ha invitado a un a\u00f1o jubilar con el lema \u201cPeregrinos de Esperanza\u201d. Por tanto, es un llamado a ser agentes de esperanza en nuestra comunidad y entorno, asumiendo acciones concretas para difundir el amor y la compasi\u00f3n. Es una esperanza activa que implica involucrarnos con el mundo que nos rodea, ayudando al m\u00e1s necesitado, acogiendo la diversidad, abogando por la paz, la justicia y fomentando el cuidado de la casa com\u00fan.<\/p>\n<p>Nuestra fundadora Mary Ward, fue precisamente una mujer de esperanza que no se desanim\u00f3 frente a la adversidad. Su historia nos anima a enfrentar nuestros propios desaf\u00edos con esperanza y a trabajar incasablemente por la construcci\u00f3n de una sociedad m\u00e1s humana y pac\u00edfica. Con el deseo de seguir haciendo vida su legado siendo peregrinos de esperanza, promovemos el lema que nos une como Congregaci\u00f3n de <strong>\u201cAprender m\u00e1s, para servir mejor\u201d<\/strong>\u00a0es el lema que nos ha acompa\u00f1ado en las diversas actividades realizadas como Instituci\u00f3n, sinti\u00e9ndonos\u00a0parte activa del carisma de Mary Ward cuyo fundamento lo encontramos en el Evangelio por lo que nuestras actividades desarrolladas han estado marcadas en este contexto de servicio y aprendizaje.<\/p>\n<p>La Coordinaci\u00f3n de Pastoral y Formaci\u00f3n est\u00e1 liderada por la\u00a0<strong>Sra. Paulina Gatica Roa<\/strong>\u00a0y es qui\u00e9n acompa\u00f1a y gu\u00eda las diferentes \u00e1reas que conforman el quehacer formativo y espiritual.\u00a0\u00a0Adem\u00e1s, cuenta con un correo electr\u00f3nico para estar al servicio de los dem\u00e1s, el cual es:\u00a0<a href=\"mailto:paulina.gatica.ro@ismsancarlos.cl\">paulina.gatica.ro@ismsancarlos.cl<\/a>[\/vc_column_text][\/vc_column][vc_column width=\u00bb5\/12&#8243;][stm_single_image img_responsive_enable=\u00bbtrue\u00bb img_id=\u00bb14726&#8243; css=\u00bb.vc_custom_1741812564427{margin-bottom: 10px !important;}\u00bb][stm_text_box title_tag=\u00bbh6&#8243; text_color=\u00bbcustom\u00bb stm_bg_color=\u00bbcustom\u00bb title=\u00bbPaulina Andrea Gatica Roa\u00bb title_font_size=\u00bb16px\u00bb title_line_height=\u00bb18px\u00bb title_margin_b=\u00bb10px\u00bb text_color_custom=\u00bb#1e73be\u00bb text_margin_b=\u00bb0px\u00bb css=\u00bb.vc_custom_1741812475507{margin-bottom: 0px !important;padding-top: 20px !important;padding-right: 20px !important;padding-bottom: 0px !important;padding-left: 20px !important;}\u00bb]Coordinadora de Pastoral y Formaci\u00f3n.[\/stm_text_box][stm_administrator_contact_details administrator_email=\u00bbpaulina.gatica.ro@ismsancarlos.cl\u00bb css=\u00bb.vc_custom_1687444599200{margin-top: 0px !important;padding-top: 0px !important;padding-right: 20px !important;padding-left: 20px !important;}\u00bb][vc_separator][stm_single_image img_responsive_enable=\u00bbtrue\u00bb img_id=\u00bb15383&#8243; css=\u00bb.vc_custom_1773317390877{margin-bottom: 10px !important;}\u00bb][stm_text_box title_tag=\u00bbh6&#8243; text_color=\u00bbcustom\u00bb stm_bg_color=\u00bbcustom\u00bb title=\u00bbEliana Ortega San Martin\u00bb title_font_size=\u00bb16px\u00bb title_line_height=\u00bb18px\u00bb title_margin_b=\u00bb10px\u00bb text_color_custom=\u00bb#1e73be\u00bb text_margin_b=\u00bb0px\u00bb css=\u00bb.vc_custom_1773317424541{margin-bottom: 0px !important;padding-top: 20px !important;padding-right: 20px !important;padding-bottom: 0px !important;padding-left: 20px !important;}\u00bb]Coordinadora de Pastoral y Formaci\u00f3n (S).[\/stm_text_box][stm_administrator_contact_details administrator_email=\u00bbeliana.ortega.sa@ismsancarlos.cl\u00bb css=\u00bb.vc_custom_1773317445838{margin-top: 0px !important;padding-top: 0px !important;padding-right: 20px !important;padding-left: 20px !important;}\u00bb][\/vc_column][\/vc_row][vc_row full_width=\u00bbstretch_row\u00bb disable_element=\u00bbyes\u00bb el_id=\u00bbrecursos\u00bb css=\u00bb.vc_custom_1712172054748{background-color: #fff2dd !important;}\u00bb][vc_column][stm_spacing lg_spacing=\u00bb40px\u00bb][stm_title title_tag=\u00bbh3&#8243; title_font_weight=\u00bb300&#8243; title_more_link_enable=\u00bbtrue\u00bb title=\u00bbNoticias Pastoral, Formaci\u00f3n y Convivencia.\u00bb title_more_link=\u00bburl:https%3A%2F%2Fismsancarlos.cl%2Fsite%2Fcategory%2Fconvivencia-escolar%2F|title:Ver%20todo\u00bb][\/stm_title][stm_spacing lg_spacing=\u00bb40px\u00bb][\/vc_column][\/vc_row][vc_row][vc_column][stm_spacing][\/vc_column][\/vc_row]<\/p>\n","protected":false},"excerpt":{"rendered":"<p>[vc_row][vc_column][stm_title sep_color=\u00bbcustom\u00bb page_title_enable=\u00bbtrue\u00bb sep_enable=\u00bbtrue\u00bb sep_color_custom=\u00bb#fad900&#8243;][\/stm_title][\/vc_column][\/vc_row][vc_row][vc_column width=\u00bb7\/12&#8243;][vc_column_text]Los Colegios de la Congregaci\u00f3n de Jes\u00fas desean entregar una educaci\u00f3n integral y de calidad a sus estudiantes. Esto impulsa y motiva a buscar caminos que permitan una Pastoral activa, para que el estudiante descubra y experimente la presencia de Dios en su vida y en la de los dem\u00e1s. [&hellip;]<\/p>\n","protected":false},"author":1,"featured_media":0,"parent":0,"menu_order":0,"comment_status":"closed","ping_status":"closed","template":"","meta":{"_price":"","_stock":"","_tribe_ticket_header":"","_tribe_default_ticket_provider":"","_tribe_ticket_capacity":"0","_ticket_start_date":"","_ticket_end_date":"","_tribe_ticket_show_description":"","_tribe_ticket_show_not_going":false,"_tribe_ticket_use_global_stock":"","_tribe_ticket_global_stock_level":"","_global_stock_mode":"","_global_stock_cap":"","_tribe_rsvp_for_event":"","_tribe_ticket_going_count":"","_tribe_ticket_not_going_count":"","_tribe_tickets_list":"[]","_tribe_ticket_has_attendee_info_fields":false,"footnotes":"","_tec_slr_enabled":"","_tec_slr_layout":""},"class_list":["post-13593","page","type-page","status-publish","hentry"],"yoast_head":"<!-- This site is optimized with the Yoast SEO plugin v25.6 - https:\/\/yoast.com\/wordpress\/plugins\/seo\/ -->\n<title>Coordinaci\u00f3n | Instituto Santa Mar\u00eda - San Carlos<\/title>\n<meta name=\"robots\" content=\"index, follow, max-snippet:-1, max-image-preview:large, max-video-preview:-1\" \/>\n<link rel=\"canonical\" href=\"https:\/\/ismsancarlos.cl\/site2\/coordinacion\/\" \/>\n<meta property=\"og:locale\" content=\"es_ES\" \/>\n<meta property=\"og:type\" content=\"article\" \/>\n<meta property=\"og:title\" content=\"Coordinaci\u00f3n | Instituto Santa Mar\u00eda - San Carlos\" \/>\n<meta property=\"og:description\" content=\"[vc_row][vc_column][stm_title sep_color=\u00bbcustom\u00bb page_title_enable=\u00bbtrue\u00bb sep_enable=\u00bbtrue\u00bb sep_color_custom=\u00bb#fad900&#8243;][\/stm_title][\/vc_column][\/vc_row][vc_row][vc_column width=\u00bb7\/12&#8243;][vc_column_text]Los Colegios de la Congregaci\u00f3n de Jes\u00fas desean entregar una educaci\u00f3n integral y de calidad a sus estudiantes. Esto impulsa y motiva a buscar caminos que permitan una Pastoral activa, para que el estudiante descubra y experimente la presencia de Dios en su vida y en la de los dem\u00e1s. [&hellip;]\" \/>\n<meta property=\"og:url\" content=\"https:\/\/ismsancarlos.cl\/site2\/coordinacion\/\" \/>\n<meta property=\"og:site_name\" content=\"Instituto Santa Mar\u00eda - San Carlos\" \/>\n<meta property=\"article:publisher\" content=\"https:\/\/www.facebook.com\/insamach\" \/>\n<meta property=\"article:modified_time\" content=\"2026-03-12T12:12:00+00:00\" \/>\n<meta name=\"twitter:card\" content=\"summary_large_image\" \/>\n<meta name=\"twitter:label1\" content=\"Tiempo de lectura\" \/>\n\t<meta name=\"twitter:data1\" content=\"3 minutos\" \/>\n<script type=\"application\/ld+json\" class=\"yoast-schema-graph\">{\"@context\":\"https:\/\/schema.org\",\"@graph\":[{\"@type\":\"WebPage\",\"@id\":\"https:\/\/ismsancarlos.cl\/site2\/coordinacion\/\",\"url\":\"https:\/\/ismsancarlos.cl\/site2\/coordinacion\/\",\"name\":\"Coordinaci\u00f3n | Instituto Santa Mar\u00eda - San Carlos\",\"isPartOf\":{\"@id\":\"https:\/\/ismsancarlos.cl\/site2\/#website\"},\"datePublished\":\"2023-06-22T14:21:26+00:00\",\"dateModified\":\"2026-03-12T12:12:00+00:00\",\"breadcrumb\":{\"@id\":\"https:\/\/ismsancarlos.cl\/site2\/coordinacion\/#breadcrumb\"},\"inLanguage\":\"es\",\"potentialAction\":[{\"@type\":\"ReadAction\",\"target\":[\"https:\/\/ismsancarlos.cl\/site2\/coordinacion\/\"]}]},{\"@type\":\"BreadcrumbList\",\"@id\":\"https:\/\/ismsancarlos.cl\/site2\/coordinacion\/#breadcrumb\",\"itemListElement\":[{\"@type\":\"ListItem\",\"position\":1,\"name\":\"Portada\",\"item\":\"https:\/\/ismsancarlos.cl\/site2\/\"},{\"@type\":\"ListItem\",\"position\":2,\"name\":\"Coordinaci\u00f3n\"}]},{\"@type\":\"WebSite\",\"@id\":\"https:\/\/ismsancarlos.cl\/site2\/#website\",\"url\":\"https:\/\/ismsancarlos.cl\/site2\/\",\"name\":\"Instituto Santa Mar\u00eda - San Carlos\",\"description\":\"&quot;Aprender m\u00e1s para servir mejor&quot;\",\"publisher\":{\"@id\":\"https:\/\/ismsancarlos.cl\/site2\/#organization\"},\"potentialAction\":[{\"@type\":\"SearchAction\",\"target\":{\"@type\":\"EntryPoint\",\"urlTemplate\":\"https:\/\/ismsancarlos.cl\/site2\/?s={search_term_string}\"},\"query-input\":{\"@type\":\"PropertyValueSpecification\",\"valueRequired\":true,\"valueName\":\"search_term_string\"}}],\"inLanguage\":\"es\"},{\"@type\":\"Organization\",\"@id\":\"https:\/\/ismsancarlos.cl\/site2\/#organization\",\"name\":\"Instituto Santa Mar\u00eda Chill\u00e1n\",\"url\":\"https:\/\/ismsancarlos.cl\/site2\/\",\"logo\":{\"@type\":\"ImageObject\",\"inLanguage\":\"es\",\"@id\":\"https:\/\/ismsancarlos.cl\/site2\/#\/schema\/logo\/image\/\",\"url\":\"https:\/\/ismchillan.cl\/site\/wp-content\/uploads\/2021\/02\/logo-ISM-Chillan.png\",\"contentUrl\":\"https:\/\/ismchillan.cl\/site\/wp-content\/uploads\/2021\/02\/logo-ISM-Chillan.png\",\"width\":746,\"height\":228,\"caption\":\"Instituto Santa Mar\u00eda Chill\u00e1n\"},\"image\":{\"@id\":\"https:\/\/ismsancarlos.cl\/site2\/#\/schema\/logo\/image\/\"},\"sameAs\":[\"https:\/\/www.facebook.com\/insamach\",\"https:\/\/www.instagram.com\/ism_chillan\/?hl=es-la\",\"https:\/\/www.youtube.com\/channel\/UCU8IW1d8akOJJTePPCCMjjA\"]}]}<\/script>\n<!-- \/ Yoast SEO plugin. -->","yoast_head_json":{"title":"Coordinaci\u00f3n | Instituto Santa Mar\u00eda - San Carlos","robots":{"index":"index","follow":"follow","max-snippet":"max-snippet:-1","max-image-preview":"max-image-preview:large","max-video-preview":"max-video-preview:-1"},"canonical":"https:\/\/ismsancarlos.cl\/site2\/coordinacion\/","og_locale":"es_ES","og_type":"article","og_title":"Coordinaci\u00f3n | Instituto Santa Mar\u00eda - San Carlos","og_description":"[vc_row][vc_column][stm_title sep_color=\u00bbcustom\u00bb page_title_enable=\u00bbtrue\u00bb sep_enable=\u00bbtrue\u00bb sep_color_custom=\u00bb#fad900&#8243;][\/stm_title][\/vc_column][\/vc_row][vc_row][vc_column width=\u00bb7\/12&#8243;][vc_column_text]Los Colegios de la Congregaci\u00f3n de Jes\u00fas desean entregar una educaci\u00f3n integral y de calidad a sus estudiantes. Esto impulsa y motiva a buscar caminos que permitan una Pastoral activa, para que el estudiante descubra y experimente la presencia de Dios en su vida y en la de los dem\u00e1s. [&hellip;]","og_url":"https:\/\/ismsancarlos.cl\/site2\/coordinacion\/","og_site_name":"Instituto Santa Mar\u00eda - San Carlos","article_publisher":"https:\/\/www.facebook.com\/insamach","article_modified_time":"2026-03-12T12:12:00+00:00","twitter_card":"summary_large_image","twitter_misc":{"Tiempo de lectura":"3 minutos"},"schema":{"@context":"https:\/\/schema.org","@graph":[{"@type":"WebPage","@id":"https:\/\/ismsancarlos.cl\/site2\/coordinacion\/","url":"https:\/\/ismsancarlos.cl\/site2\/coordinacion\/","name":"Coordinaci\u00f3n | Instituto Santa Mar\u00eda - San Carlos","isPartOf":{"@id":"https:\/\/ismsancarlos.cl\/site2\/#website"},"datePublished":"2023-06-22T14:21:26+00:00","dateModified":"2026-03-12T12:12:00+00:00","breadcrumb":{"@id":"https:\/\/ismsancarlos.cl\/site2\/coordinacion\/#breadcrumb"},"inLanguage":"es","potentialAction":[{"@type":"ReadAction","target":["https:\/\/ismsancarlos.cl\/site2\/coordinacion\/"]}]},{"@type":"BreadcrumbList","@id":"https:\/\/ismsancarlos.cl\/site2\/coordinacion\/#breadcrumb","itemListElement":[{"@type":"ListItem","position":1,"name":"Portada","item":"https:\/\/ismsancarlos.cl\/site2\/"},{"@type":"ListItem","position":2,"name":"Coordinaci\u00f3n"}]},{"@type":"WebSite","@id":"https:\/\/ismsancarlos.cl\/site2\/#website","url":"https:\/\/ismsancarlos.cl\/site2\/","name":"Instituto Santa Mar\u00eda - San Carlos","description":"&quot;Aprender m\u00e1s para servir mejor&quot;","publisher":{"@id":"https:\/\/ismsancarlos.cl\/site2\/#organization"},"potentialAction":[{"@type":"SearchAction","target":{"@type":"EntryPoint","urlTemplate":"https:\/\/ismsancarlos.cl\/site2\/?s={search_term_string}"},"query-input":{"@type":"PropertyValueSpecification","valueRequired":true,"valueName":"search_term_string"}}],"inLanguage":"es"},{"@type":"Organization","@id":"https:\/\/ismsancarlos.cl\/site2\/#organization","name":"Instituto Santa Mar\u00eda Chill\u00e1n","url":"https:\/\/ismsancarlos.cl\/site2\/","logo":{"@type":"ImageObject","inLanguage":"es","@id":"https:\/\/ismsancarlos.cl\/site2\/#\/schema\/logo\/image\/","url":"https:\/\/ismchillan.cl\/site\/wp-content\/uploads\/2021\/02\/logo-ISM-Chillan.png","contentUrl":"https:\/\/ismchillan.cl\/site\/wp-content\/uploads\/2021\/02\/logo-ISM-Chillan.png","width":746,"height":228,"caption":"Instituto Santa Mar\u00eda Chill\u00e1n"},"image":{"@id":"https:\/\/ismsancarlos.cl\/site2\/#\/schema\/logo\/image\/"},"sameAs":["https:\/\/www.facebook.com\/insamach","https:\/\/www.instagram.com\/ism_chillan\/?hl=es-la","https:\/\/www.youtube.com\/channel\/UCU8IW1d8akOJJTePPCCMjjA"]}]}},"ticketed":false,"_links":{"self":[{"href":"https:\/\/ismsancarlos.cl\/site2\/wp-json\/wp\/v2\/pages\/13593","targetHints":{"allow":["GET"]}}],"collection":[{"href":"https:\/\/ismsancarlos.cl\/site2\/wp-json\/wp\/v2\/pages"}],"about":[{"href":"https:\/\/ismsancarlos.cl\/site2\/wp-json\/wp\/v2\/types\/page"}],"author":[{"embeddable":true,"href":"https:\/\/ismsancarlos.cl\/site2\/wp-json\/wp\/v2\/users\/1"}],"replies":[{"embeddable":true,"href":"https:\/\/ismsancarlos.cl\/site2\/wp-json\/wp\/v2\/comments?post=13593"}],"version-history":[{"count":12,"href":"https:\/\/ismsancarlos.cl\/site2\/wp-json\/wp\/v2\/pages\/13593\/revisions"}],"predecessor-version":[{"id":14725,"href":"https:\/\/ismsancarlos.cl\/site2\/wp-json\/wp\/v2\/pages\/13593\/revisions\/14725"}],"wp:attachment":[{"href":"https:\/\/ismsancarlos.cl\/site2\/wp-json\/wp\/v2\/media?parent=13593"}],"curies":[{"name":"wp","href":"https:\/\/api.w.org\/{rel}","templated":true}]}}